{"id":3618,"date":"2023-01-25T22:24:50","date_gmt":"2023-01-25T22:24:50","guid":{"rendered":"https:\/\/ofornodecatuxa.es\/notre-planete\/"},"modified":"2024-07-30T15:16:33","modified_gmt":"2024-07-30T15:16:33","slug":"notre-planete","status":"publish","type":"page","link":"https:\/\/ofornodecatuxa.es\/fr\/notre-planete\/","title":{"rendered":"Notre plan\u00e8te"},"content":{"rendered":"\t\t<div data-elementor-type=\"wp-page\" data-elementor-id=\"3618\" class=\"elementor elementor-3618 elementor-796\" data-elementor-post-type=\"page\">\n\t\t\t\t<div class=\"elementor-element elementor-element-c39bc70 e-flex e-con-boxed e-con e-parent\" data-id=\"c39bc70\" data-element_type=\"container\" data-e-type=\"container\">\n\t\t\t\t\t<div class=\"e-con-inner\">\n\t\t<div data-dce-background-image-url=\"https:\/\/ofornodecatuxa.es\/wp-content\/uploads\/2023\/01\/O-forno-de-Catuxa-28-scaled.jpg\" class=\"elementor-element elementor-element-8d532c6 e-con-full e-flex elementor-invisible e-con e-child\" data-id=\"8d532c6\" data-element_type=\"container\" data-e-type=\"container\" data-settings=\"{&quot;animation&quot;:&quot;fadeInLeft&quot;,&quot;background_background&quot;:&quot;classic&quot;}\">\n\t\t\t\t<div class=\"elementor-element elementor-element-24c7c2d elementor-widget elementor-widget-spacer\" data-id=\"24c7c2d\" data-element_type=\"widget\" data-e-type=\"widget\" data-widget_type=\"spacer.default\">\n\t\t\t\t<div class=\"elementor-widget-container\">\n\t\t\t\t\t\t\t<div class=\"elementor-spacer\">\n\t\t\t<div class=\"elementor-spacer-inner\"><\/div>\n\t\t<\/div>\n\t\t\t\t\t\t<\/div>\n\t\t\t\t<\/div>\n\t\t\t\t<\/div>\n\t\t<div class=\"elementor-element elementor-element-9c38e1d e-con-full e-flex e-con e-child\" data-id=\"9c38e1d\" data-element_type=\"container\" data-e-type=\"container\" data-settings=\"{&quot;animation&quot;:&quot;none&quot;}\">\n\t\t\t\t<div class=\"elementor-element elementor-element-5c87685 premium-header-block elementor-widget elementor-widget-premium-addon-dual-header\" data-id=\"5c87685\" data-element_type=\"widget\" data-e-type=\"widget\" data-widget_type=\"premium-addon-dual-header.default\">\n\t\t\t\t\t\n\t\t<div class=\"elementor-widget-container\">\n\t\t\t\t\t<h2 class=\"premium-dual-header-first-header premium-dual-header-first-clip\"><span class=\"premium-dual-header-first-span\"> <\/span><\/h2> \t\t\t\t<\/div>\n\n\t\t\t\t\t\t<\/div>\n\t\t\t\t<div class=\"elementor-element elementor-element-828bfe8 animated-slow elementor-invisible elementor-widget elementor-widget-heading\" data-id=\"828bfe8\" data-element_type=\"widget\" data-e-type=\"widget\" data-settings=\"{&quot;_animation&quot;:&quot;fadeIn&quot;,&quot;_animation_delay&quot;:500}\" data-widget_type=\"heading.default\">\n\t\t\t\t<div class=\"elementor-widget-container\">\n\t\t\t\t\t<h1 class=\"elementor-heading-title elementor-size-default\">une maison durable, saine et heureuse<\/h1>\t\t\t\t<\/div>\n\t\t\t\t<\/div>\n\t\t\t\t<\/div>\n\t\t\t\t\t<\/div>\n\t\t\t\t<\/div>\n\t\t<div class=\"elementor-element elementor-element-40fb971 e-flex e-con-boxed e-con e-parent\" data-id=\"40fb971\" data-element_type=\"container\" data-e-type=\"container\">\n\t\t\t\t\t<div class=\"e-con-inner\">\n\t\t<div class=\"elementor-element elementor-element-639c575 e-con-full e-flex e-con e-child\" data-id=\"639c575\" data-element_type=\"container\" data-e-type=\"container\">\n\t\t\t\t<div class=\"elementor-element elementor-element-25b4e00 elementor-widget-divider--view-line elementor-widget elementor-widget-divider\" data-id=\"25b4e00\" data-element_type=\"widget\" data-e-type=\"widget\" data-settings=\"{&quot;motion_fx_motion_fx_scrolling&quot;:&quot;yes&quot;,&quot;motion_fx_translateX_effect&quot;:&quot;yes&quot;,&quot;motion_fx_translateX_direction&quot;:&quot;negative&quot;,&quot;motion_fx_translateX_speed&quot;:{&quot;unit&quot;:&quot;px&quot;,&quot;size&quot;:&quot;0.5&quot;,&quot;sizes&quot;:[]},&quot;motion_fx_devices&quot;:[&quot;desktop&quot;,&quot;tablet&quot;],&quot;motion_fx_translateX_affectedRange&quot;:{&quot;unit&quot;:&quot;%&quot;,&quot;size&quot;:&quot;&quot;,&quot;sizes&quot;:{&quot;start&quot;:0,&quot;end&quot;:100}}}\" data-widget_type=\"divider.default\">\n\t\t\t\t<div class=\"elementor-widget-container\">\n\t\t\t\t\t\t\t<div class=\"elementor-divider\">\n\t\t\t<span class=\"elementor-divider-separator\">\n\t\t\t\t\t\t<\/span>\n\t\t<\/div>\n\t\t\t\t\t\t<\/div>\n\t\t\t\t<\/div>\n\t\t\t\t<\/div>\n\t\t<div class=\"elementor-element elementor-element-be5a0ff e-con-full e-flex e-con e-child\" data-id=\"be5a0ff\" data-element_type=\"container\" data-e-type=\"container\">\n\t\t\t\t<div class=\"elementor-element elementor-element-eec340e elementor-widget elementor-widget-text-editor\" data-id=\"eec340e\" data-element_type=\"widget\" data-e-type=\"widget\" data-widget_type=\"text-editor.default\">\n\t\t\t\t<div class=\"elementor-widget-container\">\n\t\t\t\t\t\t\t\t\t<p>Notre maison, qui est la v\u00f4tre, dispose d\u2019un chauffage au sol et de panneaux solaires. Et c\u2019est <strong>aussi biophilique<\/strong>.<\/p>\n<p>Il fait partie de la nature et la nature l\u2019a colonis\u00e9, il y a donc des plantes et des arbres partout parce que nous savons que cette communion avec la terre, l\u2019air, la for\u00eat, l\u2019eau, fait de nous :<\/p>\n<ul>\n<li>Heureux<\/li>\n<li>Plus cr\u00e9atif<\/li>\n<li>Plus productif<\/li>\n<li>Plus serein<\/li>\n<li>Sain<\/li>\n<\/ul>\n\t\t\t\t\t\t\t\t<\/div>\n\t\t\t\t<\/div>\n\t\t\t\t<\/div>\n\t\t<div class=\"elementor-element elementor-element-e6e52d6 e-con-full e-flex e-con e-child\" data-id=\"e6e52d6\" data-element_type=\"container\" data-e-type=\"container\">\n\t\t\t\t<div class=\"elementor-element elementor-element-ea6a0fc elementor-widget elementor-widget-text-editor\" data-id=\"ea6a0fc\" data-element_type=\"widget\" data-e-type=\"widget\" data-widget_type=\"text-editor.default\">\n\t\t\t\t<div class=\"elementor-widget-container\">\n\t\t\t\t\t\t\t\t\t<p>Cet environnement nous procure paix et bien-\u00eatre. Il pulv\u00e9rise le stress et tout ce qui met notre sant\u00e9 et notre vie en danger.<\/p>\n\t\t\t\t\t\t\t\t<\/div>\n\t\t\t\t<\/div>\n\t\t\t\t<\/div>\n\t\t\t\t\t<\/div>\n\t\t\t\t<\/div>\n\t\t<div class=\"elementor-element elementor-element-f8f1753 e-flex e-con-boxed e-con e-parent\" data-id=\"f8f1753\" data-element_type=\"container\" data-e-type=\"container\">\n\t\t\t\t\t<div class=\"e-con-inner\">\n\t\t<div class=\"elementor-element elementor-element-de8b423 e-con-full elementor-hidden-desktop elementor-hidden-tablet e-flex e-con e-child\" data-id=\"de8b423\" data-element_type=\"container\" data-e-type=\"container\">\n\t\t\t\t<\/div>\n\t\t<div class=\"elementor-element elementor-element-81300d1 e-con-full e-flex e-con e-child\" data-id=\"81300d1\" data-element_type=\"container\" data-e-type=\"container\">\n\t\t\t\t<div class=\"elementor-element elementor-element-d40cade elementor-widget-divider--view-line_text elementor-widget-divider--element-align-right elementor-widget elementor-widget-divider\" data-id=\"d40cade\" data-element_type=\"widget\" data-e-type=\"widget\" data-settings=\"{&quot;motion_fx_motion_fx_scrolling&quot;:&quot;yes&quot;,&quot;motion_fx_translateX_effect&quot;:&quot;yes&quot;,&quot;motion_fx_translateX_speed&quot;:{&quot;unit&quot;:&quot;px&quot;,&quot;size&quot;:2,&quot;sizes&quot;:[]},&quot;motion_fx_translateX_affectedRange&quot;:{&quot;unit&quot;:&quot;%&quot;,&quot;size&quot;:&quot;&quot;,&quot;sizes&quot;:{&quot;start&quot;:&quot;0&quot;,&quot;end&quot;:100}},&quot;motion_fx_devices&quot;:[&quot;desktop&quot;,&quot;tablet&quot;]}\" data-widget_type=\"divider.default\">\n\t\t\t\t<div class=\"elementor-widget-container\">\n\t\t\t\t\t\t\t<div class=\"elementor-divider\">\n\t\t\t<span class=\"elementor-divider-separator\">\n\t\t\t\t\t\t\t<span class=\"elementor-divider__text elementor-divider__element\">\n\t\t\t\t<b>Ce que vous demandez de vous\t\t\t\t<\/span>\n\t\t\t\t\t\t<\/span>\n\t\t<\/div>\n\t\t\t\t\t\t<\/div>\n\t\t\t\t<\/div>\n\t\t\t\t<div class=\"elementor-element elementor-element-4d216be elementor-widget elementor-widget-text-editor\" data-id=\"4d216be\" data-element_type=\"widget\" data-e-type=\"widget\" data-widget_type=\"text-editor.default\">\n\t\t\t\t<div class=\"elementor-widget-container\">\n\t\t\t\t\t\t\t\t\t<p>Nous sommes tr\u00e8s fiers de cette terre. C\u2019est pourquoi nous en prenons soin et demandons qu\u2019on s\u2019en occupe. Nous souhaitons que vous partagiez notre engagement et que vous fassiez un usage responsable de tout ce que nous avons : \u00e9lectricit\u00e9, eau, installations&#8230; Ici, tout est basse consommation et recycl\u00e9 car nous pensons aux autres et nous voulons avoir et laisser un monde meilleur.<\/p><p><br>  Nous acceptons volontiers tout ce que la campagne a. Vous savez, il y a des coqs qui chantent t\u00f4t, des chiens qui aboient, des voisins qui de temps en temps fertilisent les fermes ou encore des insectes qui font partie de l\u2019\u00e9cosyst\u00e8me.  <\/p>\t\t\t\t\t\t\t\t<\/div>\n\t\t\t\t<\/div>\n\t\t\t\t<\/div>\n\t\t\t\t\t<\/div>\n\t\t\t\t<\/div>\n\t\t<div class=\"elementor-element elementor-element-039d7c1 e-con-full e-flex e-con e-parent\" data-id=\"039d7c1\" data-element_type=\"container\" data-e-type=\"container\">\n\t\t<div class=\"elementor-element elementor-element-d2125e7 e-con-full e-flex e-con e-child\" data-id=\"d2125e7\" data-element_type=\"container\" data-e-type=\"container\" data-settings=\"{&quot;background_background&quot;:&quot;classic&quot;}\">\n\t\t<div class=\"elementor-element elementor-element-ecc0267 e-con-full e-flex e-con e-child\" data-id=\"ecc0267\" data-element_type=\"container\" data-e-type=\"container\" data-settings=\"{&quot;background_background&quot;:&quot;classic&quot;}\">\n\t\t<div data-dce-background-color=\"#086390\" data-dce-background-image-url=\"https:\/\/ofornodecatuxa.es\/wp-content\/uploads\/2023\/01\/O-forno-de-Catuxa-22-scaled.jpg\" class=\"elementor-element elementor-element-c70841f e-con-full e-flex e-con e-child\" data-id=\"c70841f\" data-element_type=\"container\" data-e-type=\"container\" data-settings=\"{&quot;background_background&quot;:&quot;classic&quot;}\">\n\t\t\t\t<\/div>\n\t\t<div class=\"elementor-element elementor-element-a6f7e71 e-con-full e-flex e-con e-child\" data-id=\"a6f7e71\" data-element_type=\"container\" data-e-type=\"container\" data-settings=\"{&quot;background_background&quot;:&quot;classic&quot;}\">\n\t\t\t\t<\/div>\n\t\t<div class=\"elementor-element elementor-element-0d1016d e-con-full e-flex e-con e-child\" data-id=\"0d1016d\" data-element_type=\"container\" data-e-type=\"container\" data-settings=\"{&quot;background_background&quot;:&quot;slideshow&quot;,&quot;background_slideshow_gallery&quot;:[{&quot;id&quot;:1167,&quot;url&quot;:&quot;https:\\\/\\\/ofornodecatuxa.es\\\/wp-content\\\/uploads\\\/2023\\\/01\\\/O-forno-de-Catuxa-29-scaled.jpg&quot;},{&quot;id&quot;:1158,&quot;url&quot;:&quot;https:\\\/\\\/ofornodecatuxa.es\\\/wp-content\\\/uploads\\\/2023\\\/01\\\/O-forno-de-Catuxa-20-scaled.jpg&quot;}],&quot;background_slideshow_loop&quot;:&quot;yes&quot;,&quot;background_slideshow_slide_duration&quot;:5000,&quot;background_slideshow_slide_transition&quot;:&quot;fade&quot;,&quot;background_slideshow_transition_duration&quot;:500}\">\n\t\t\t\t<\/div>\n\t\t<div data-dce-background-color=\"#4E7284\" class=\"elementor-element elementor-element-6941bf8 elementor-hidden-mobile e-con-full e-flex e-con e-child\" data-id=\"6941bf8\" data-element_type=\"container\" data-e-type=\"container\" data-settings=\"{&quot;background_background&quot;:&quot;classic&quot;}\">\n\t\t\t\t<\/div>\n\t\t\t\t<\/div>\n\t\t<div class=\"elementor-element elementor-element-42d3ac4 e-con-full e-flex e-con e-child\" data-id=\"42d3ac4\" data-element_type=\"container\" data-e-type=\"container\" data-settings=\"{&quot;background_background&quot;:&quot;classic&quot;}\">\n\t\t<div data-dce-background-color=\"#608276\" class=\"elementor-element elementor-element-92f29b7 e-con-full e-flex e-con e-child\" data-id=\"92f29b7\" data-element_type=\"container\" data-e-type=\"container\" data-settings=\"{&quot;background_background&quot;:&quot;classic&quot;}\">\n\t\t\t\t<\/div>\n\t\t<div class=\"elementor-element elementor-element-b832a4d e-con-full e-flex e-con e-child\" data-id=\"b832a4d\" data-element_type=\"container\" data-e-type=\"container\" data-settings=\"{&quot;background_background&quot;:&quot;slideshow&quot;,&quot;background_slideshow_slide_duration&quot;:3000,&quot;background_slideshow_gallery&quot;:[{&quot;id&quot;:1162,&quot;url&quot;:&quot;https:\\\/\\\/ofornodecatuxa.es\\\/wp-content\\\/uploads\\\/2023\\\/01\\\/O-forno-de-Catuxa-24-scaled.jpg&quot;},{&quot;id&quot;:378,&quot;url&quot;:&quot;https:\\\/\\\/ofornodecatuxa.es\\\/wp-content\\\/uploads\\\/2022\\\/12\\\/Pimiento.jpg&quot;},{&quot;id&quot;:1163,&quot;url&quot;:&quot;https:\\\/\\\/ofornodecatuxa.es\\\/wp-content\\\/uploads\\\/2023\\\/01\\\/O-forno-de-Catuxa-25-scaled.jpg&quot;}],&quot;background_slideshow_loop&quot;:&quot;yes&quot;,&quot;background_slideshow_slide_transition&quot;:&quot;fade&quot;,&quot;background_slideshow_transition_duration&quot;:500}\">\n\t\t\t\t<\/div>\n\t\t<div class=\"elementor-element elementor-element-d23823f e-con-full e-flex e-con e-child\" data-id=\"d23823f\" data-element_type=\"container\" data-e-type=\"container\" data-settings=\"{&quot;background_background&quot;:&quot;classic&quot;}\">\n\t\t\t\t<\/div>\n\t\t<div data-dce-background-color=\"#A53E0B\" data-dce-background-image-url=\"https:\/\/ofornodecatuxa.es\/wp-content\/uploads\/2023\/01\/O-forno-de-Catuxa-47-scaled.jpg\" class=\"elementor-element elementor-element-3e7600a e-con-full e-flex e-con e-child\" data-id=\"3e7600a\" data-element_type=\"container\" data-e-type=\"container\" data-settings=\"{&quot;background_background&quot;:&quot;classic&quot;}\">\n\t\t\t\t<\/div>\n\t\t\t\t<\/div>\n\t\t\t\t<\/div>\n\t\t\t\t<\/div>\n\t\t\t\t<\/div>\n\t\t","protected":false},"excerpt":{"rendered":"<p>une maison durable, saine et heureuse Notre maison, qui est la v\u00f4tre, dispose d\u2019un chauffage au sol et de panneaux solaires. Et c\u2019est aussi biophilique. Il fait partie de la nature et la nature l\u2019a colonis\u00e9, il y a donc des plantes et des arbres partout parce que nous savons que cette communion avec la [&hellip;]<\/p>\n","protected":false},"author":1,"featured_media":0,"parent":0,"menu_order":0,"comment_status":"closed","ping_status":"closed","template":"elementor_header_footer","meta":{"_acf_changed":false,"_seopress_robots_primary_cat":"","_seopress_titles_title":"","_seopress_titles_desc":"Profitez d\u2019une maison biophilique avec chauffage au sol et panneaux solaires. Plus de bonheur, de cr\u00e9ativit\u00e9 et de s\u00e9r\u00e9nit\u00e9 dans un environnement naturel et durable.","_seopress_robots_index":"","footnotes":""},"class_list":["post-3618","page","type-page","status-publish","hentry"],"acf":[],"_links":{"self":[{"href":"https:\/\/ofornodecatuxa.es\/fr\/wp-json\/wp\/v2\/pages\/3618","targetHints":{"allow":["GET"]}}],"collection":[{"href":"https:\/\/ofornodecatuxa.es\/fr\/wp-json\/wp\/v2\/pages"}],"about":[{"href":"https:\/\/ofornodecatuxa.es\/fr\/wp-json\/wp\/v2\/types\/page"}],"author":[{"embeddable":true,"href":"https:\/\/ofornodecatuxa.es\/fr\/wp-json\/wp\/v2\/users\/1"}],"replies":[{"embeddable":true,"href":"https:\/\/ofornodecatuxa.es\/fr\/wp-json\/wp\/v2\/comments?post=3618"}],"version-history":[{"count":2,"href":"https:\/\/ofornodecatuxa.es\/fr\/wp-json\/wp\/v2\/pages\/3618\/revisions"}],"predecessor-version":[{"id":3643,"href":"https:\/\/ofornodecatuxa.es\/fr\/wp-json\/wp\/v2\/pages\/3618\/revisions\/3643"}],"wp:attachment":[{"href":"https:\/\/ofornodecatuxa.es\/fr\/wp-json\/wp\/v2\/media?parent=3618"}],"curies":[{"name":"wp","href":"https:\/\/api.w.org\/{rel}","templated":true}]}}