{"id":3617,"date":"2022-12-22T10:30:26","date_gmt":"2022-12-22T10:30:26","guid":{"rendered":"https:\/\/ofornodecatuxa.es\/notre-histoire\/"},"modified":"2024-09-13T04:25:59","modified_gmt":"2024-09-13T04:25:59","slug":"notre-histoire","status":"publish","type":"page","link":"https:\/\/ofornodecatuxa.es\/fr\/notre-histoire\/","title":{"rendered":"Notre histoire"},"content":{"rendered":"\t\t<div data-elementor-type=\"wp-page\" data-elementor-id=\"3617\" class=\"elementor elementor-3617 elementor-259\" data-elementor-post-type=\"page\">\n\t\t\t\t<div class=\"elementor-element elementor-element-c5fee59 e-flex e-con-boxed e-con e-parent\" data-id=\"c5fee59\" data-element_type=\"container\" data-e-type=\"container\">\n\t\t\t\t\t<div class=\"e-con-inner\">\n\t\t<div data-dce-background-image-url=\"https:\/\/ofornodecatuxa.es\/wp-content\/uploads\/2023\/02\/Cuadro-chica-peinandose.jpeg\" class=\"elementor-element elementor-element-3fc9e44 e-con-full e-flex elementor-invisible e-con e-child\" data-id=\"3fc9e44\" data-element_type=\"container\" data-e-type=\"container\" data-settings=\"{&quot;animation&quot;:&quot;fadeInLeft&quot;,&quot;background_background&quot;:&quot;classic&quot;}\">\n\t\t\t\t<div class=\"elementor-element elementor-element-4a6b936 elementor-widget elementor-widget-spacer\" data-id=\"4a6b936\" data-element_type=\"widget\" data-e-type=\"widget\" data-widget_type=\"spacer.default\">\n\t\t\t\t<div class=\"elementor-widget-container\">\n\t\t\t\t\t\t\t<div class=\"elementor-spacer\">\n\t\t\t<div class=\"elementor-spacer-inner\"><\/div>\n\t\t<\/div>\n\t\t\t\t\t\t<\/div>\n\t\t\t\t<\/div>\n\t\t\t\t<\/div>\n\t\t<div class=\"elementor-element elementor-element-a0198d0 e-con-full e-flex e-con e-child\" data-id=\"a0198d0\" data-element_type=\"container\" data-e-type=\"container\" data-settings=\"{&quot;animation&quot;:&quot;none&quot;}\">\n\t\t\t\t<div class=\"elementor-element elementor-element-28fac2f premium-header-block elementor-widget elementor-widget-premium-addon-dual-header\" data-id=\"28fac2f\" data-element_type=\"widget\" data-e-type=\"widget\" data-widget_type=\"premium-addon-dual-header.default\">\n\t\t\t\t\t\n\t\t<div class=\"elementor-widget-container\">\n\t\t\t\t\t<h2 class=\"premium-dual-header-first-header premium-dual-header-first-clip\"><span class=\"premium-dual-header-first-span\"> <\/span><\/h2> \t\t\t\t<\/div>\n\n\t\t\t\t\t\t<\/div>\n\t\t\t\t<div class=\"elementor-element elementor-element-f9c808e animated-slow elementor-invisible elementor-widget elementor-widget-heading\" data-id=\"f9c808e\" data-element_type=\"widget\" data-e-type=\"widget\" data-settings=\"{&quot;_animation&quot;:&quot;fadeIn&quot;,&quot;_animation_delay&quot;:500}\" data-widget_type=\"heading.default\">\n\t\t\t\t<div class=\"elementor-widget-container\">\n\t\t\t\t\t<h1 class=\"elementor-heading-title elementor-size-default\">Qui est CATUXa ?<\/h1>\t\t\t\t<\/div>\n\t\t\t\t<\/div>\n\t\t\t\t<\/div>\n\t\t\t\t\t<\/div>\n\t\t\t\t<\/div>\n\t\t<div class=\"elementor-element elementor-element-4fa4c22 e-con-full e-flex e-con e-parent\" data-id=\"4fa4c22\" data-element_type=\"container\" data-e-type=\"container\" data-settings=\"{&quot;motion_fx_motion_fx_scrolling&quot;:&quot;yes&quot;,&quot;motion_fx_devices&quot;:[&quot;desktop&quot;,&quot;tablet&quot;,&quot;mobile&quot;]}\">\n\t\t<div class=\"elementor-element elementor-element-64070f1 e-con-full e-flex e-con e-child\" data-id=\"64070f1\" data-element_type=\"container\" data-e-type=\"container\">\n\t\t\t\t<div class=\"elementor-element elementor-element-b38f593 elementor-widget-divider--view-line elementor-widget elementor-widget-divider\" data-id=\"b38f593\" data-element_type=\"widget\" data-e-type=\"widget\" data-settings=\"{&quot;motion_fx_motion_fx_scrolling&quot;:&quot;yes&quot;,&quot;motion_fx_translateX_effect&quot;:&quot;yes&quot;,&quot;motion_fx_translateX_speed&quot;:{&quot;unit&quot;:&quot;px&quot;,&quot;size&quot;:&quot;1.5&quot;,&quot;sizes&quot;:[]},&quot;motion_fx_devices&quot;:[&quot;desktop&quot;,&quot;tablet&quot;],&quot;motion_fx_translateX_direction&quot;:&quot;negative&quot;,&quot;motion_fx_translateX_affectedRange&quot;:{&quot;unit&quot;:&quot;%&quot;,&quot;size&quot;:&quot;&quot;,&quot;sizes&quot;:{&quot;start&quot;:0,&quot;end&quot;:100}}}\" data-widget_type=\"divider.default\">\n\t\t\t\t<div class=\"elementor-widget-container\">\n\t\t\t\t\t\t\t<div class=\"elementor-divider\">\n\t\t\t<span class=\"elementor-divider-separator\">\n\t\t\t\t\t\t<\/span>\n\t\t<\/div>\n\t\t\t\t\t\t<\/div>\n\t\t\t\t<\/div>\n\t\t\t\t<\/div>\n\t\t<div class=\"elementor-element elementor-element-b2a5a0c e-con-full e-flex e-con e-child\" data-id=\"b2a5a0c\" data-element_type=\"container\" data-e-type=\"container\">\n\t\t\t\t<div class=\"elementor-element elementor-element-b70ac16 elementor-widget elementor-widget-text-editor\" data-id=\"b70ac16\" data-element_type=\"widget\" data-e-type=\"widget\" data-widget_type=\"text-editor.default\">\n\t\t\t\t<div class=\"elementor-widget-container\">\n\t\t\t\t\t\t\t\t\t<p>C\u2019\u00e9tait une femme de larmes et de larmes. La matriarche, l\u2019\u00e2me de la maison et de la famille. Une h\u00e9ro\u00efne qui a travaill\u00e9 les champs et fait avancer sa famille tout en cr\u00e9ant cette maison qu\u2019aujourd\u2019hui, avec \u00e9motion, gratitude et fiert\u00e9, nous partageons avec vous. Et en plus, elle \u00e9tait l\u2019arri\u00e8re-arri\u00e8re-grand-m\u00e8re de Marga, la propri\u00e9taire de la maison.<\/p>\n<p>Vous verrez leur image \u00e0 l\u2019entr\u00e9e. R\u00e9alis\u00e9 avec l\u2019art du sculpteur <span style=\"text-decoration: underline; color: #cf0000;\"><a style=\"color: #cf0000;\" href=\"https:\/\/ofornodecatuxa.es\/escultor-xoan-vila\/\"><strong>Xo\u00e1n Vila<\/strong><\/a><\/span>.<\/p>\n<p>Nous sommes deux personnes qui ont envie de vivre et de partager des exp\u00e9riences uniques, du genre qui laissent des traces.<\/p>\n<p>Nous aimons les bonnes personnes et nous pensons que le partage de temps est la fa\u00e7on la plus enrichissante de vivre, nous serons donc \u00e0 votre disposition pour que vous puissiez vous amuser et avoir envie de revenir.<\/p>\n\t\t\t\t\t\t\t\t<\/div>\n\t\t\t\t<\/div>\n\t\t\t\t<\/div>\n\t\t\t\t<\/div>\n\t\t<div class=\"elementor-element elementor-element-a79b494 e-con-full e-flex e-con e-parent\" data-id=\"a79b494\" data-element_type=\"container\" data-e-type=\"container\" data-settings=\"{&quot;motion_fx_motion_fx_scrolling&quot;:&quot;yes&quot;,&quot;motion_fx_devices&quot;:[&quot;desktop&quot;,&quot;tablet&quot;,&quot;mobile&quot;]}\">\n\t\t<div class=\"elementor-element elementor-element-3977f89 e-con-full e-flex e-con e-child\" data-id=\"3977f89\" data-element_type=\"container\" data-e-type=\"container\">\n\t\t<div data-dce-background-color=\"#608276\" data-dce-background-image-url=\"https:\/\/ofornodecatuxa.es\/wp-content\/uploads\/2023\/01\/O-forno-de-Catuxa-31-scaled.jpg\" class=\"elementor-element elementor-element-45b1412 e-con-full e-flex e-con e-child\" data-id=\"45b1412\" data-element_type=\"container\" data-e-type=\"container\" data-settings=\"{&quot;background_background&quot;:&quot;classic&quot;}\">\n\t\t\t\t<\/div>\n\t\t<div data-dce-background-image-url=\"https:\/\/ofornodecatuxa.es\/wp-content\/uploads\/2023\/01\/O-forno-de-Catuxa-6-scaled.jpg\" class=\"elementor-element elementor-element-710e27a e-con-full e-flex e-con e-child\" data-id=\"710e27a\" data-element_type=\"container\" data-e-type=\"container\" data-settings=\"{&quot;background_background&quot;:&quot;classic&quot;}\">\n\t\t\t\t<\/div>\n\t\t\t\t<\/div>\n\t\t<div class=\"elementor-element elementor-element-ec71a3d e-con-full e-flex e-con e-child\" data-id=\"ec71a3d\" data-element_type=\"container\" data-e-type=\"container\">\n\t\t<div data-dce-background-image-url=\"https:\/\/ofornodecatuxa.es\/wp-content\/uploads\/2024\/06\/Casa2-e1718964263608.jpg\" class=\"elementor-element elementor-element-0c43bc7 e-con-full e-flex e-con e-child\" data-id=\"0c43bc7\" data-element_type=\"container\" data-e-type=\"container\" data-settings=\"{&quot;background_background&quot;:&quot;classic&quot;}\">\n\t\t\t\t<div class=\"elementor-element elementor-element-b41dda5 elementor-widget elementor-widget-spacer\" data-id=\"b41dda5\" data-element_type=\"widget\" data-e-type=\"widget\" data-widget_type=\"spacer.default\">\n\t\t\t\t<div class=\"elementor-widget-container\">\n\t\t\t\t\t\t\t<div class=\"elementor-spacer\">\n\t\t\t<div class=\"elementor-spacer-inner\"><\/div>\n\t\t<\/div>\n\t\t\t\t\t\t<\/div>\n\t\t\t\t<\/div>\n\t\t\t\t<\/div>\n\t\t<div class=\"elementor-element elementor-element-e4a56d3 e-con-full e-flex e-con e-child\" data-id=\"e4a56d3\" data-element_type=\"container\" data-e-type=\"container\">\n\t\t<div class=\"elementor-element elementor-element-c798bb6 e-con-full e-flex e-con e-child\" data-id=\"c798bb6\" data-element_type=\"container\" data-e-type=\"container\">\n\t\t<div class=\"elementor-element elementor-element-888a915 e-con-full e-flex e-con e-child\" data-id=\"888a915\" data-element_type=\"container\" data-e-type=\"container\" data-settings=\"{&quot;background_background&quot;:&quot;classic&quot;}\">\n\t\t\t\t<\/div>\n\t\t<div data-dce-background-color=\"#D8AE9C\" class=\"elementor-element elementor-element-64c6cc5 e-con-full e-flex e-con e-child\" data-id=\"64c6cc5\" data-element_type=\"container\" data-e-type=\"container\" data-settings=\"{&quot;background_background&quot;:&quot;classic&quot;}\">\n\t\t\t\t<div class=\"elementor-element elementor-element-ffcfaa2 animated-fast dce_masking-none elementor-invisible elementor-widget elementor-widget-image\" data-id=\"ffcfaa2\" data-element_type=\"widget\" data-e-type=\"widget\" data-settings=\"{&quot;_animation&quot;:&quot;fadeIn&quot;,&quot;_animation_delay&quot;:&quot;200&quot;}\" data-widget_type=\"image.default\">\n\t\t\t\t<div class=\"elementor-widget-container\">\n\t\t\t\t\t\t\t\t\t\t\t\t\t\t\t<img loading=\"lazy\" decoding=\"async\" width=\"800\" height=\"600\" src=\"https:\/\/ofornodecatuxa.es\/wp-content\/uploads\/2024\/06\/Desayuno-O-Forno-de-Catuxa-1024x768.jpg\" class=\"attachment-large size-large wp-image-3397\" alt=\"\" srcset=\"https:\/\/ofornodecatuxa.es\/wp-content\/uploads\/2024\/06\/Desayuno-O-Forno-de-Catuxa-1024x768.jpg 1024w, https:\/\/ofornodecatuxa.es\/wp-content\/uploads\/2024\/06\/Desayuno-O-Forno-de-Catuxa-300x225.jpg 300w, https:\/\/ofornodecatuxa.es\/wp-content\/uploads\/2024\/06\/Desayuno-O-Forno-de-Catuxa-768x576.jpg 768w, https:\/\/ofornodecatuxa.es\/wp-content\/uploads\/2024\/06\/Desayuno-O-Forno-de-Catuxa-1536x1152.jpg 1536w, https:\/\/ofornodecatuxa.es\/wp-content\/uploads\/2024\/06\/Desayuno-O-Forno-de-Catuxa.jpg 1600w\" sizes=\"auto, (max-width: 800px) 100vw, 800px\" \/>\t\t\t\t\t\t\t\t\t\t\t\t\t\t\t<\/div>\n\t\t\t\t<\/div>\n\t\t\t\t<\/div>\n\t\t\t\t<\/div>\n\t\t<div class=\"elementor-element elementor-element-c975aca e-con-full e-flex e-con e-child\" data-id=\"c975aca\" data-element_type=\"container\" data-e-type=\"container\">\n\t\t<div class=\"elementor-element elementor-element-a4fb952 e-con-full e-flex e-con e-child\" data-id=\"a4fb952\" data-element_type=\"container\" data-e-type=\"container\" data-settings=\"{&quot;background_background&quot;:&quot;classic&quot;}\">\n\t\t\t\t<\/div>\n\t\t<div data-dce-background-color=\"#4E7284\" data-dce-background-image-url=\"https:\/\/ofornodecatuxa.es\/wp-content\/uploads\/2023\/01\/O-forno-de-Catuxa-19-1024x683.jpg\" class=\"elementor-element elementor-element-9301a9f e-con-full e-flex e-con e-child\" data-id=\"9301a9f\" data-element_type=\"container\" data-e-type=\"container\" data-settings=\"{&quot;background_background&quot;:&quot;classic&quot;}\">\n\t\t\t\t<\/div>\n\t\t\t\t<\/div>\n\t\t\t\t<\/div>\n\t\t\t\t<\/div>\n\t\t\t\t<\/div>\n\t\t\t\t<\/div>\n\t\t","protected":false},"excerpt":{"rendered":"<p>Qui est CATUXa ? C\u2019\u00e9tait une femme de larmes et de larmes. La matriarche, l\u2019\u00e2me de la maison et de la famille. Une h\u00e9ro\u00efne qui a travaill\u00e9 les champs et fait avancer sa famille tout en cr\u00e9ant cette maison qu\u2019aujourd\u2019hui, avec \u00e9motion, gratitude et fiert\u00e9, nous partageons avec vous. Et en plus, elle \u00e9tait l\u2019arri\u00e8re-arri\u00e8re-grand-m\u00e8re [&hellip;]<\/p>\n","protected":false},"author":1,"featured_media":0,"parent":0,"menu_order":0,"comment_status":"closed","ping_status":"closed","template":"elementor_header_footer","meta":{"_acf_changed":false,"_seopress_robots_primary_cat":"","_seopress_titles_title":"","_seopress_titles_desc":"Catuxa, l\u2019h\u00e9ro\u00efne matriarche qui a travaill\u00e9 les champs et a fait avancer sa famille tout en cr\u00e9ant cette maison qu\u2019aujourd\u2019hui, avec \u00e9motion, gratitude et fiert\u00e9, nous partageons avec vous.","_seopress_robots_index":"","footnotes":""},"class_list":["post-3617","page","type-page","status-publish","hentry"],"acf":[],"_links":{"self":[{"href":"https:\/\/ofornodecatuxa.es\/fr\/wp-json\/wp\/v2\/pages\/3617","targetHints":{"allow":["GET"]}}],"collection":[{"href":"https:\/\/ofornodecatuxa.es\/fr\/wp-json\/wp\/v2\/pages"}],"about":[{"href":"https:\/\/ofornodecatuxa.es\/fr\/wp-json\/wp\/v2\/types\/page"}],"author":[{"embeddable":true,"href":"https:\/\/ofornodecatuxa.es\/fr\/wp-json\/wp\/v2\/users\/1"}],"replies":[{"embeddable":true,"href":"https:\/\/ofornodecatuxa.es\/fr\/wp-json\/wp\/v2\/comments?post=3617"}],"version-history":[{"count":3,"href":"https:\/\/ofornodecatuxa.es\/fr\/wp-json\/wp\/v2\/pages\/3617\/revisions"}],"predecessor-version":[{"id":4301,"href":"https:\/\/ofornodecatuxa.es\/fr\/wp-json\/wp\/v2\/pages\/3617\/revisions\/4301"}],"wp:attachment":[{"href":"https:\/\/ofornodecatuxa.es\/fr\/wp-json\/wp\/v2\/media?parent=3617"}],"curies":[{"name":"wp","href":"https:\/\/api.w.org\/{rel}","templated":true}]}}