{"id":3610,"date":"2023-01-25T22:25:01","date_gmt":"2023-01-25T22:25:01","guid":{"rendered":"https:\/\/ofornodecatuxa.es\/lenvironnement\/"},"modified":"2024-07-30T15:14:54","modified_gmt":"2024-07-30T15:14:54","slug":"lenvironnement","status":"publish","type":"page","link":"https:\/\/ofornodecatuxa.es\/fr\/lenvironnement\/","title":{"rendered":"L\u2019environnement"},"content":{"rendered":"\t\t<div data-elementor-type=\"wp-page\" data-elementor-id=\"3610\" class=\"elementor elementor-3610 elementor-798\" data-elementor-post-type=\"page\">\n\t\t\t\t<div class=\"elementor-element elementor-element-c6c21aa e-flex e-con-boxed e-con e-parent\" data-id=\"c6c21aa\" data-element_type=\"container\" data-e-type=\"container\">\n\t\t\t\t\t<div class=\"e-con-inner\">\n\t\t<div data-dce-background-image-url=\"https:\/\/ofornodecatuxa.es\/wp-content\/uploads\/2022\/12\/Amanecer-OForno-e1671733430654.jpeg\" class=\"elementor-element elementor-element-3444446 e-con-full e-flex elementor-invisible e-con e-child\" data-id=\"3444446\" data-element_type=\"container\" data-e-type=\"container\" data-settings=\"{&quot;animation&quot;:&quot;fadeInLeft&quot;,&quot;background_background&quot;:&quot;classic&quot;}\">\n\t\t\t\t<div class=\"elementor-element elementor-element-c338606 elementor-widget elementor-widget-spacer\" data-id=\"c338606\" data-element_type=\"widget\" data-e-type=\"widget\" data-widget_type=\"spacer.default\">\n\t\t\t\t<div class=\"elementor-widget-container\">\n\t\t\t\t\t\t\t<div class=\"elementor-spacer\">\n\t\t\t<div class=\"elementor-spacer-inner\"><\/div>\n\t\t<\/div>\n\t\t\t\t\t\t<\/div>\n\t\t\t\t<\/div>\n\t\t\t\t<\/div>\n\t\t<div class=\"elementor-element elementor-element-f4c9c75 e-con-full e-flex e-con e-child\" data-id=\"f4c9c75\" data-element_type=\"container\" data-e-type=\"container\" data-settings=\"{&quot;animation&quot;:&quot;none&quot;}\">\n\t\t\t\t<div class=\"elementor-element elementor-element-7380914 premium-header-block elementor-widget elementor-widget-premium-addon-dual-header\" data-id=\"7380914\" data-element_type=\"widget\" data-e-type=\"widget\" data-widget_type=\"premium-addon-dual-header.default\">\n\t\t\t\t\t\n\t\t<div class=\"elementor-widget-container\">\n\t\t\t\t\t<h2 class=\"premium-dual-header-first-header premium-dual-header-first-clip\"><span class=\"premium-dual-header-first-span\"> <\/span><\/h2> \t\t\t\t<\/div>\n\n\t\t\t\t\t\t<\/div>\n\t\t\t\t<div class=\"elementor-element elementor-element-af17fe5 premium-header-block animated-slow elementor-invisible elementor-widget elementor-widget-premium-addon-dual-header\" data-id=\"af17fe5\" data-element_type=\"widget\" data-e-type=\"widget\" data-settings=\"{&quot;_animation&quot;:&quot;fadeIn&quot;,&quot;_animation_delay&quot;:500}\" data-widget_type=\"premium-addon-dual-header.default\">\n\t\t\t\t\t\n\t\t<div class=\"elementor-widget-container\">\n\t\t\t\t\t<h2 class=\"premium-dual-header-first-header premium-dual-header-first-clip\"><span class=\"premium-dual-header-first-span\">itin\u00e9raires, nature <\/span><\/h2> \t\t\t\t<\/div>\n\n\t\t\t\t\t\t<\/div>\n\t\t\t\t<div class=\"elementor-element elementor-element-0d983da premium-header-block animated-slow elementor-invisible elementor-widget elementor-widget-premium-addon-dual-header\" data-id=\"0d983da\" data-element_type=\"widget\" data-e-type=\"widget\" data-settings=\"{&quot;_animation&quot;:&quot;fadeIn&quot;,&quot;_animation_delay&quot;:1000}\" data-widget_type=\"premium-addon-dual-header.default\">\n\t\t\t\t\t\n\t\t<div class=\"elementor-widget-container\">\n\t\t\t\t\t<h2 class=\"premium-dual-header-first-header premium-dual-header-first-clip\"><span class=\"premium-dual-header-first-span\"> <\/span><span class=\"premium-dual-header-second-header premium-dual-header-second-clip\"><strong>  et la magie...<\/strong><\/span><\/h2> \t\t\t\t<\/div>\n\n\t\t\t\t\t\t<\/div>\n\t\t\t\t<\/div>\n\t\t\t\t\t<\/div>\n\t\t\t\t<\/div>\n\t\t<div class=\"elementor-element elementor-element-0f40c4e e-con-full e-flex e-con e-parent\" data-id=\"0f40c4e\" data-element_type=\"container\" data-e-type=\"container\">\n\t\t<div class=\"elementor-element elementor-element-56d2305 e-con-full e-flex e-con e-child\" data-id=\"56d2305\" data-element_type=\"container\" data-e-type=\"container\">\n\t\t\t\t<div class=\"elementor-element elementor-element-ec7d667 elementor-widget elementor-widget-spacer\" data-id=\"ec7d667\" data-element_type=\"widget\" data-e-type=\"widget\" data-widget_type=\"spacer.default\">\n\t\t\t\t<div class=\"elementor-widget-container\">\n\t\t\t\t\t\t\t<div class=\"elementor-spacer\">\n\t\t\t<div class=\"elementor-spacer-inner\"><\/div>\n\t\t<\/div>\n\t\t\t\t\t\t<\/div>\n\t\t\t\t<\/div>\n\t\t\t\t<div class=\"elementor-element elementor-element-fff3864 elementor-widget elementor-widget-text-editor\" data-id=\"fff3864\" data-element_type=\"widget\" data-e-type=\"widget\" data-widget_type=\"text-editor.default\">\n\t\t\t\t<div class=\"elementor-widget-container\">\n\t\t\t\t\t\t\t\t\t<p>Nous sommes submerg\u00e9s par la beaut\u00e9 de ce pays. Tout ce qui nous entoure est hypnotique, c\u2019est le m\u00eame qu\u2019il y a des si\u00e8cles et nous voulons que vous fassiez partie de ce miracle naturel inalt\u00e9r\u00e9.<\/p>\n<p>Nous avons <strong>des for\u00eats<\/strong>, des <em><strong>ch\u00eanaies<\/strong><\/em> , vieilles comme le monde. Magnifique. Magie.<\/p>\n<p>Vous pourrez les parcourir et les ressentir. Ils sont faits pour vous gu\u00e9rir, pour gu\u00e9rir toutes vos blessures.<\/p>\n<p>Enfilez des baskets et arpentez les sentiers crois\u00e9s par le loup et le chevreuil, contemplez les tani\u00e8res des renards, les arbres qui abritent les rapaces, les ruisseaux dans lesquels papillons et libellules se disputent en duels de beaut\u00e9. \u00c9coutez le coassement des grenouilles&#8230;<\/p>\n<p>Nous avons notre propre itin\u00e9raire&nbsp;: <strong>L\u2019itin\u00e9raire Catuxa<\/strong>, d\u00e9limit\u00e9 et expliqu\u00e9 en d\u00e9tail&nbsp;: les sections et toutes les richesses floristiques et fauniques de la r\u00e9gion. Il a \u00e9t\u00e9 r\u00e9alis\u00e9 pour nous par notre ami V\u00edctor Garc\u00eda, qui a mis le meilleur de lui-m\u00eame dans ce projet.<\/p>\n<p>Ou enlevez vos chaussures et nagez en for\u00eat. Remplacez les probl\u00e8mes par la relaxation. Embrassez un ch\u00eane centenaire et recevez ses bonnes vibrations.<\/p>\n<p>Il fait partie de cette terre \u00e9ternelle. Lib\u00e9rez le ballast. Respirer&#8230;<\/p>\n\t\t\t\t\t\t\t\t<\/div>\n\t\t\t\t<\/div>\n\t\t\t\t<\/div>\n\t\t\t\t<\/div>\n\t\t<div class=\"elementor-element elementor-element-8071f52 e-con-full e-flex e-con e-parent\" data-id=\"8071f52\" data-element_type=\"container\" data-e-type=\"container\">\n\t\t<div class=\"elementor-element elementor-element-005efaf e-con-full e-flex e-con e-child\" data-id=\"005efaf\" data-element_type=\"container\" data-e-type=\"container\" data-settings=\"{&quot;background_background&quot;:&quot;classic&quot;}\">\n\t\t<div class=\"elementor-element elementor-element-7e2009f e-con-full e-flex e-con e-child\" data-id=\"7e2009f\" data-element_type=\"container\" data-e-type=\"container\" data-settings=\"{&quot;background_background&quot;:&quot;classic&quot;}\">\n\t\t<div class=\"elementor-element elementor-element-b9bbb58 e-con-full e-flex e-con e-child\" data-id=\"b9bbb58\" data-element_type=\"container\" data-e-type=\"container\" data-settings=\"{&quot;background_background&quot;:&quot;slideshow&quot;,&quot;background_slideshow_gallery&quot;:[{&quot;id&quot;:1147,&quot;url&quot;:&quot;https:\\\/\\\/ofornodecatuxa.es\\\/wp-content\\\/uploads\\\/2023\\\/01\\\/O-forno-de-Catuxa-9-scaled.jpg&quot;},{&quot;id&quot;:1154,&quot;url&quot;:&quot;https:\\\/\\\/ofornodecatuxa.es\\\/wp-content\\\/uploads\\\/2023\\\/01\\\/O-forno-de-Catuxa-16-scaled.jpg&quot;},{&quot;id&quot;:1180,&quot;url&quot;:&quot;https:\\\/\\\/ofornodecatuxa.es\\\/wp-content\\\/uploads\\\/2023\\\/01\\\/O-forno-de-Catuxa-42-scaled.jpg&quot;}],&quot;background_slideshow_loop&quot;:&quot;yes&quot;,&quot;background_slideshow_slide_duration&quot;:5000,&quot;background_slideshow_slide_transition&quot;:&quot;fade&quot;,&quot;background_slideshow_transition_duration&quot;:500}\">\n\t\t\t\t<\/div>\n\t\t<div class=\"elementor-element elementor-element-9a57f2b elementor-hidden-mobile e-con-full e-flex e-con e-child\" data-id=\"9a57f2b\" data-element_type=\"container\" data-e-type=\"container\" data-settings=\"{&quot;background_background&quot;:&quot;classic&quot;}\">\n\t\t\t\t<\/div>\n\t\t\t\t<\/div>\n\t\t<div class=\"elementor-element elementor-element-ac20051 e-con-full e-flex e-con e-child\" data-id=\"ac20051\" data-element_type=\"container\" data-e-type=\"container\">\n\t\t<div data-dce-background-color=\"#608276\" class=\"elementor-element elementor-element-ca793ff e-con-full e-flex e-con e-child\" data-id=\"ca793ff\" data-element_type=\"container\" data-e-type=\"container\" data-settings=\"{&quot;background_background&quot;:&quot;classic&quot;}\">\n\t\t\t\t<div class=\"elementor-element elementor-element-0d0a90d dce_masking-none elementor-widget elementor-widget-image\" data-id=\"0d0a90d\" data-element_type=\"widget\" data-e-type=\"widget\" data-widget_type=\"image.default\">\n\t\t\t\t<div class=\"elementor-widget-container\">\n\t\t\t\t\t\t\t\t\t\t\t\t\t\t\t<img loading=\"lazy\" decoding=\"async\" width=\"800\" height=\"534\" src=\"https:\/\/ofornodecatuxa.es\/wp-content\/uploads\/2023\/01\/O-forno-de-Catuxa-26-1024x683.jpg\" class=\"attachment-large size-large wp-image-3273\" alt=\"\" srcset=\"https:\/\/ofornodecatuxa.es\/wp-content\/uploads\/2023\/01\/O-forno-de-Catuxa-26-1024x683.jpg 1024w, https:\/\/ofornodecatuxa.es\/wp-content\/uploads\/2023\/01\/O-forno-de-Catuxa-26-300x200.jpg 300w, https:\/\/ofornodecatuxa.es\/wp-content\/uploads\/2023\/01\/O-forno-de-Catuxa-26-768x512.jpg 768w, https:\/\/ofornodecatuxa.es\/wp-content\/uploads\/2023\/01\/O-forno-de-Catuxa-26-1536x1024.jpg 1536w, https:\/\/ofornodecatuxa.es\/wp-content\/uploads\/2023\/01\/O-forno-de-Catuxa-26-2048x1365.jpg 2048w, https:\/\/ofornodecatuxa.es\/wp-content\/uploads\/2023\/01\/O-forno-de-Catuxa-26-scaled.jpg 1920w\" sizes=\"auto, (max-width: 800px) 100vw, 800px\" \/>\t\t\t\t\t\t\t\t\t\t\t\t\t\t\t<\/div>\n\t\t\t\t<\/div>\n\t\t\t\t<\/div>\n\t\t<div class=\"elementor-element elementor-element-323431e elementor-hidden-tablet elementor-hidden-mobile e-con-full e-flex e-con e-child\" data-id=\"323431e\" data-element_type=\"container\" data-e-type=\"container\" data-settings=\"{&quot;background_background&quot;:&quot;classic&quot;}\">\n\t\t\t\t<\/div>\n\t\t<div data-dce-background-color=\"#A53E0B\" data-dce-background-image-url=\"https:\/\/ofornodecatuxa.es\/wp-content\/uploads\/2023\/01\/O-forno-de-Catuxa-10-scaled.jpg\" class=\"elementor-element elementor-element-a1edf73 e-con-full e-flex e-con e-child\" data-id=\"a1edf73\" data-element_type=\"container\" data-e-type=\"container\" data-settings=\"{&quot;background_background&quot;:&quot;classic&quot;}\">\n\t\t\t\t<div class=\"elementor-element elementor-element-6d1c41f elementor-widget elementor-widget-spacer\" data-id=\"6d1c41f\" data-element_type=\"widget\" data-e-type=\"widget\" data-widget_type=\"spacer.default\">\n\t\t\t\t<div class=\"elementor-widget-container\">\n\t\t\t\t\t\t\t<div class=\"elementor-spacer\">\n\t\t\t<div class=\"elementor-spacer-inner\"><\/div>\n\t\t<\/div>\n\t\t\t\t\t\t<\/div>\n\t\t\t\t<\/div>\n\t\t\t\t<\/div>\n\t\t\t\t<\/div>\n\t\t\t\t<\/div>\n\t\t\t\t<\/div>\n\t\t\t\t<\/div>\n\t\t","protected":false},"excerpt":{"rendered":"<p>itin\u00e9raires, nature et la magie&#8230; Nous sommes submerg\u00e9s par la beaut\u00e9 de ce pays. Tout ce qui nous entoure est hypnotique, c\u2019est le m\u00eame qu\u2019il y a des si\u00e8cles et nous voulons que vous fassiez partie de ce miracle naturel inalt\u00e9r\u00e9. Nous avons des for\u00eats, des ch\u00eanaies , vieilles comme le monde. Magnifique. Magie. Vous [&hellip;]<\/p>\n","protected":false},"author":1,"featured_media":0,"parent":0,"menu_order":0,"comment_status":"closed","ping_status":"closed","template":"elementor_header_footer","meta":{"_acf_changed":false,"_seopress_robots_primary_cat":"","_seopress_titles_title":"","_seopress_titles_desc":"Explorez la route de Catuxa\u00a0: for\u00eats anciennes, flore, faune et paix dans la nature. Venez ressentir la magie d\u2019un lieu inalt\u00e9r\u00e9.","_seopress_robots_index":"","footnotes":""},"class_list":["post-3610","page","type-page","status-publish","hentry"],"acf":[],"_links":{"self":[{"href":"https:\/\/ofornodecatuxa.es\/fr\/wp-json\/wp\/v2\/pages\/3610","targetHints":{"allow":["GET"]}}],"collection":[{"href":"https:\/\/ofornodecatuxa.es\/fr\/wp-json\/wp\/v2\/pages"}],"about":[{"href":"https:\/\/ofornodecatuxa.es\/fr\/wp-json\/wp\/v2\/types\/page"}],"author":[{"embeddable":true,"href":"https:\/\/ofornodecatuxa.es\/fr\/wp-json\/wp\/v2\/users\/1"}],"replies":[{"embeddable":true,"href":"https:\/\/ofornodecatuxa.es\/fr\/wp-json\/wp\/v2\/comments?post=3610"}],"version-history":[{"count":4,"href":"https:\/\/ofornodecatuxa.es\/fr\/wp-json\/wp\/v2\/pages\/3610\/revisions"}],"predecessor-version":[{"id":3640,"href":"https:\/\/ofornodecatuxa.es\/fr\/wp-json\/wp\/v2\/pages\/3610\/revisions\/3640"}],"wp:attachment":[{"href":"https:\/\/ofornodecatuxa.es\/fr\/wp-json\/wp\/v2\/media?parent=3610"}],"curies":[{"name":"wp","href":"https:\/\/api.w.org\/{rel}","templated":true}]}}