{"id":3601,"date":"2024-05-29T09:48:55","date_gmt":"2024-05-29T09:48:55","guid":{"rendered":"https:\/\/ofornodecatuxa.es\/cookies\/"},"modified":"2025-05-05T11:34:02","modified_gmt":"2025-05-05T11:34:02","slug":"cookies","status":"publish","type":"page","link":"https:\/\/ofornodecatuxa.es\/fr\/cookies\/","title":{"rendered":"Cookies"},"content":{"rendered":"\n<h2 class=\"wp-block-heading\">Cookies<\/h2>\n\n<p>Conform\u00e9ment aux dispositions de la loi 34\/2002 sur les services de la soci\u00e9t\u00e9 de l\u2019information, je vous informe que le site web <strong>utilise https:\/\/ofornodecatuxa.es<\/strong> des cookies. Les cookies sont de petits fichiers texte sur le site Web que vous stockez sur votre ordinateur ou votre appareil en tant que visiteur. <\/p>\n\n<p>Ci-dessous, nous d\u00e9taillons les diff\u00e9rents types de cookies que nous utilisons :<\/p>\n\n<div class=\"cky-audit-table-element\"><\/div>\n\n<p><strong>(i) Cookies de premi\u00e8re partie :<\/strong> il s\u2019agit de ceux qui sont envoy\u00e9s \u00e0 l\u2019\u00e9quipement terminal de l\u2019utilisateur \u00e0 partir d\u2019un ordinateur ou d\u2019un domaine g\u00e9r\u00e9 par l\u2019\u00e9diteur lui-m\u00eame et \u00e0 partir duquel le service demand\u00e9 par l\u2019utilisateur est fourni.<\/p>\n\n<p><strong>(a) Cookies de session :<\/strong> N\u00e9cessaires \u00e0 l\u2019utilisation correcte du site web, \u00e0 la navigation ininterrompue, \u00e0 la m\u00e9morisation des options de langue ou de pays. Ils sont utilis\u00e9s pour identifier la m\u00eame session temporaire d\u2019un utilisateur ou d\u2019une session de navigation. <\/p>\n\n<p><strong>(b) Cookies techniques :<\/strong> Ils stockent des informations g\u00e9n\u00e9riques et anonymes qui n\u2019incluent pas de donn\u00e9es personnelles dont le but est de garantir le fonctionnement du site web.<\/p>\n\n<p><strong>(c) Connexion :<\/strong> Ils sont cr\u00e9\u00e9s avec l\u2019inscription d\u2019un utilisateur (log-in). Ils sont utilis\u00e9s pour identifier l\u2019utilisateur une fois qu\u2019il s\u2019est authentifi\u00e9 sur les sites Web. <\/p>\n\n<p><strong>(ii) Cookies tiers :<\/strong> notre site web peut contenir des cookies tiers visant \u00e0 offrir un meilleur service que celui offert par ces tiers. Un exemple de cette utilisation est les liens vers les r\u00e9seaux sociaux qui permettent de partager le contenu du site web. <\/p>\n\n<p><strong>(a) Cookies analytiques :<\/strong> ce sont ceux qui, trait\u00e9s par notre site web ou par des tiers, permettent de quantifier le nombre de visiteurs et d\u2019analyser statistiquement l\u2019utilisation faite par les utilisateurs du site web. Les informations collect\u00e9es par le biais de ce type de cookies sont utilis\u00e9es pour mesurer l\u2019activit\u00e9 du site Web et pour cr\u00e9er des profils de navigation anonymes des utilisateurs, afin d\u2019introduire des am\u00e9liorations bas\u00e9es sur l\u2019analyse des donn\u00e9es d\u2019utilisation effectu\u00e9es par les utilisateurs du service : <\/p>\n\n<ul class=\"wp-block-list\">\n<li>\n<ul class=\"wp-block-list\">\n<li>Google Analytique : <a href=\"https:\/\/www.google.com\/policies\/privacy\/\">https:\/\/www.google.com\/policies\/privacy\/<\/a><\/li>\n<\/ul>\n<\/li>\n<\/ul>\n\n<p><strong>(b) Cookies de m\u00e9dias sociaux :<\/strong><\/p>\n\n<ul class=\"wp-block-list\">\n<li>\n<ul class=\"wp-block-list\">\n<li>Gravatar : Le Gravatar est une image de l\u2019utilisateur qui vous suit de site en site Web, apparaissant \u00e0 c\u00f4t\u00e9 de votre nom lorsque vous effectuez des actions telles que commenter un blog ou lorsque l\u2019utilisateur se connecte au site Web. Les cookies sont stock\u00e9s pour g\u00e9rer les ic\u00f4nes li\u00e9es aux profils et aux utilisateurs de ce service : <a href=\"https:\/\/automattic.com\/privacy\/\">https:\/\/automattic.com\/privacy\/<\/a> <\/li>\n<\/ul>\n<\/li>\n<\/ul>\n\n<p><strong>(c) Cookies de m\u00e9dias sociaux externes :<\/strong> ils sont utilis\u00e9s pour permettre aux visiteurs d\u2019interagir avec des contenus de diff\u00e9rentes plateformes sociales (Facebook, YouTube, Twitter, LinkedIn, Instagram, etc.) et sont g\u00e9n\u00e9r\u00e9s uniquement pour les utilisateurs de ces r\u00e9seaux sociaux. Les conditions d\u2019utilisation de ces cookies et les informations collect\u00e9es sont r\u00e9gies par la politique de confidentialit\u00e9 de la plateforme sociale concern\u00e9e. <\/p>\n\n<ul class=\"wp-block-list\">\n<li>\n<ul class=\"wp-block-list\">\n<li><a href=\"https:\/\/www.google.com\/intl\/es_es\/policies\/technologies\/types\/\">https:\/\/www.google.com\/intl\/es_es\/policies\/technologies\/types\/<\/a><\/li>\n\n\n\n<li><a href=\"https:\/\/www.facebook.com\/help\/cookies\/\">https:\/\/www.facebook.com\/help\/cookies\/<\/a><\/li>\n\n\n\n<li><a href=\"https:\/\/www.instagram.com\/legal\/cookies\/\">https:\/\/www.instagram.com\/legal\/cookies\/<\/a><\/li>\n<\/ul>\n<\/li>\n<\/ul>\n\n<p><strong>(ii) Cookies tiers :<\/strong> notre site web peut contenir des cookies tiers visant \u00e0 offrir un meilleur service que celui offert par ces tiers. Un exemple de cette utilisation est les liens vers les r\u00e9seaux sociaux qui permettent de partager le contenu du site web. <\/p>\n\n<p><strong>(a) Cookies analytiques :<\/strong> ce sont ceux qui, trait\u00e9s par notre site web ou par des tiers, permettent de quantifier le nombre de visiteurs et d\u2019analyser statistiquement l\u2019utilisation faite par les utilisateurs du site web. Les informations collect\u00e9es par le biais de ce type de cookies sont utilis\u00e9es pour mesurer l\u2019activit\u00e9 du site Web et pour cr\u00e9er des profils de navigation anonymes des utilisateurs, afin d\u2019introduire des am\u00e9liorations bas\u00e9es sur l\u2019analyse des donn\u00e9es d\u2019utilisation effectu\u00e9es par les utilisateurs du service : <\/p>\n\n<ul class=\"wp-block-list\">\n<li>\n<ul class=\"wp-block-list\">\n<li>Google Analytique : <a href=\"https:\/\/www.google.com\/policies\/privacy\/\">https:\/\/www.google.com\/policies\/privacy\/<\/a><\/li>\n<\/ul>\n<\/li>\n<\/ul>\n\n<p><strong>(b) Cookies de m\u00e9dias sociaux :<\/strong><\/p>\n\n<ul class=\"wp-block-list\">\n<li>\n<ul class=\"wp-block-list\">\n<li>Gravatar : Le Gravatar est une image de l\u2019utilisateur qui vous suit de site en site Web, apparaissant \u00e0 c\u00f4t\u00e9 de votre nom lorsque vous effectuez des actions telles que commenter un blog ou lorsque l\u2019utilisateur se connecte au site Web. Les cookies sont stock\u00e9s pour g\u00e9rer les ic\u00f4nes li\u00e9es aux profils et aux utilisateurs de ce service : <a href=\"https:\/\/automattic.com\/privacy\/\">https:\/\/automattic.com\/privacy\/<\/a> <\/li>\n<\/ul>\n<\/li>\n<\/ul>\n\n<p><strong>(c) Cookies de m\u00e9dias sociaux externes :<\/strong> ils sont utilis\u00e9s pour permettre aux visiteurs d\u2019interagir avec des contenus de diff\u00e9rentes plateformes sociales (Facebook, YouTube, Twitter, LinkedIn, Instagram, etc.) et sont g\u00e9n\u00e9r\u00e9s uniquement pour les utilisateurs de ces r\u00e9seaux sociaux. Les conditions d\u2019utilisation de ces cookies et les informations collect\u00e9es sont r\u00e9gies par la politique de confidentialit\u00e9 de la plateforme sociale concern\u00e9e. <\/p>\n\n<ul class=\"wp-block-list\">\n<li>\n<ul class=\"wp-block-list\">\n<li><a href=\"https:\/\/www.google.com\/intl\/es_es\/policies\/technologies\/types\/\">https:\/\/www.google.com\/intl\/es_es\/policies\/technologies\/types\/<\/a><\/li>\n\n\n\n<li><a href=\"https:\/\/www.facebook.com\/help\/cookies\/\">https:\/\/www.facebook.com\/help\/cookies\/<\/a><\/li>\n\n\n\n<li><a href=\"https:\/\/www.instagram.com\/legal\/cookies\/\">https:\/\/www.instagram.com\/legal\/cookies\/<\/a><\/li>\n<\/ul>\n<\/li>\n<\/ul>\n\n<p>Il existe des outils tiers, disponibles en ligne, qui permettent aux utilisateurs de d\u00e9tecter les cookies sur chaque site web qu\u2019ils visitent et de g\u00e9rer leur d\u00e9sactivation. Les navigateurs Web sont les outils charg\u00e9s de stocker les cookies et \u00e0 partir de cet endroit, l\u2019utilisateur peut exercer son droit de les supprimer ou de les d\u00e9sactiver. Ni ce site web ni ses repr\u00e9sentants l\u00e9gaux ne peuvent garantir l\u2019utilisation correcte ou incorrecte des cookies par les navigateurs susmentionn\u00e9s. Nous vous informons que si vous ne souhaitez pas que les sites web placent des cookies sur votre ordinateur, vous pouvez adapter les param\u00e8tres de votre navigateur afin qu\u2019ils soient avertis avant qu\u2019un cookie ne soit plac\u00e9. Vous pouvez \u00e9galement ajuster vos param\u00e8tres afin que votre navigateur rejette tous les cookies, ou uniquement les cookies de tiers. Si vous rencontrez de tels cookies sur ce site Web et qu\u2019ils ne sont pas r\u00e9pertori\u00e9s ci-dessus, veuillez nous en informer.     <\/p>\n\n<p>L\u2019acceptation de cette politique de cookies implique qu\u2019en tant qu\u2019utilisateur, vous avez \u00e9t\u00e9 inform\u00e9 de mani\u00e8re claire et compl\u00e8te de l\u2019utilisation des dispositifs de stockage et de r\u00e9cup\u00e9ration de donn\u00e9es (cookies) ainsi que du fait que ce site Web a votre consentement pour l\u2019utilisation de ceux-ci comme \u00e9tabli par la r\u00e9glementation. Si vous avez des questions sur la politique en mati\u00e8re de cookies du site Web, vous pouvez nous envoyer un e-mail. <\/p>\n\n<p>Si vous souhaitez savoir plus en d\u00e9tail en quoi consistent les cookies, vous pouvez acc\u00e9der \u00e0 ce lien au guide des cookies publi\u00e9 par l\u2019Agence espagnole de protection des donn\u00e9es : <a href=\"https:\/\/www.aepd.es\/sites\/default\/files\/2020-07\/guia-cookies.pdf\">https:\/\/www.aepd.es\/sites\/default\/files\/2020-07\/guia-cookies.pdf<\/a><\/p>\n","protected":false},"excerpt":{"rendered":"<p>Cookies Conform\u00e9ment aux dispositions de la loi 34\/2002 sur les services de la soci\u00e9t\u00e9 de l\u2019information, je vous informe que le site web utilise https:\/\/ofornodecatuxa.es des cookies. Les cookies sont de petits fichiers texte sur le site Web que vous stockez sur votre ordinateur ou votre appareil en tant que visiteur. Ci-dessous, nous d\u00e9taillons les [&hellip;]<\/p>\n","protected":false},"author":1,"featured_media":0,"parent":0,"menu_order":0,"comment_status":"closed","ping_status":"closed","template":"","meta":{"_acf_changed":false,"_seopress_robots_primary_cat":"","_seopress_titles_title":"","_seopress_titles_desc":"","_seopress_robots_index":"","footnotes":""},"class_list":["post-3601","page","type-page","status-publish","hentry"],"acf":[],"_links":{"self":[{"href":"https:\/\/ofornodecatuxa.es\/fr\/wp-json\/wp\/v2\/pages\/3601","targetHints":{"allow":["GET"]}}],"collection":[{"href":"https:\/\/ofornodecatuxa.es\/fr\/wp-json\/wp\/v2\/pages"}],"about":[{"href":"https:\/\/ofornodecatuxa.es\/fr\/wp-json\/wp\/v2\/types\/page"}],"author":[{"embeddable":true,"href":"https:\/\/ofornodecatuxa.es\/fr\/wp-json\/wp\/v2\/users\/1"}],"replies":[{"embeddable":true,"href":"https:\/\/ofornodecatuxa.es\/fr\/wp-json\/wp\/v2\/comments?post=3601"}],"version-history":[{"count":2,"href":"https:\/\/ofornodecatuxa.es\/fr\/wp-json\/wp\/v2\/pages\/3601\/revisions"}],"predecessor-version":[{"id":8690,"href":"https:\/\/ofornodecatuxa.es\/fr\/wp-json\/wp\/v2\/pages\/3601\/revisions\/8690"}],"wp:attachment":[{"href":"https:\/\/ofornodecatuxa.es\/fr\/wp-json\/wp\/v2\/media?parent=3601"}],"curies":[{"name":"wp","href":"https:\/\/api.w.org\/{rel}","templated":true}]}}