{"id":3594,"date":"2024-05-29T09:35:30","date_gmt":"2024-05-29T09:35:30","guid":{"rendered":"https:\/\/ofornodecatuxa.es\/mentions-legales\/"},"modified":"2024-07-30T10:06:07","modified_gmt":"2024-07-30T10:06:07","slug":"mentions-legales","status":"publish","type":"page","link":"https:\/\/ofornodecatuxa.es\/fr\/mentions-legales\/","title":{"rendered":"Mentions l\u00e9gales"},"content":{"rendered":"\n<h2 class=\"wp-block-heading\"><strong>DONN\u00c9ES D\u2019IDENTIFICATION :<\/strong><\/h2>\n\n<p>Conform\u00e9ment au devoir d\u2019information pr\u00e9vu \u00e0 l\u2019article 10 de la loi 34\/2002, du 11 juillet, sur les services de la soci\u00e9t\u00e9 de l\u2019information et du commerce \u00e9lectronique, les donn\u00e9es suivantes sont refl\u00e9t\u00e9es ci-dessous\u00a0:<\/p>\n\n<ul class=\"wp-block-list\">\n<li>Identit\u00e9 : Miguel \u00c1ngel Cabana Aguiar avec NIF 33319939T<\/li>\n\n\n\n<li>Dir.\nCarte postale\u00a0: Carballido 8 Esperante, 27210 Lugo <\/li>\n\n\n\n<li>Courriel : info@ofornodecatuxa.es<\/li>\n\n\n\n<li>Site Web : www.ofornodecatuxa.es<\/li>\n<\/ul>\n\n<h2 class=\"wp-block-heading\"><strong>UTILISATEURS:<\/strong><\/h2>\n\n<p>L\u2019utilisation de ce portail est absolument volontaire et implique l\u2019acceptation pleine et enti\u00e8re par la personne qui y acc\u00e8de, ci-apr\u00e8s \u00ab Utilisateur \u00bb, de toutes les conditions d\u2019utilisation en vigueur \u00e0 tout moment qui se trouvent \u00e0 cette adresse.\nO Forno de Catuxa se r\u00e9serve le droit de retirer l\u2019acc\u00e8s \u00e0 ce site web, sans pr\u00e9avis, \u00e0 tout utilisateur qui contreviendrait aux dispositions des pr\u00e9sentes conditions d\u2019utilisation.\nIl incombe \u00e0 l\u2019utilisateur de lire attentivement les pr\u00e9sentes conditions.\nLes conditions susmentionn\u00e9es seront applicables ind\u00e9pendamment des conditions g\u00e9n\u00e9rales de contrat qui peuvent \u00eatre imp\u00e9ratives.   <\/p>\n\n<h2 class=\"wp-block-heading\"><strong>UTILISATION DU PORTAIL :<\/strong><\/h2>\n\n<p>O Forno de Catuxa donne acc\u00e8s \u00e0 une multitude d\u2019informations, de services, de programmes ou de donn\u00e9es (ci-apr\u00e8s, \u00ab les contenus \u00bb) sur Internet appartenant \u00e0 O Forno de Catuxa ou \u00e0 ses conc\u00e9dants de licence auxquels l\u2019UTILISATEUR peut avoir acc\u00e8s.\nL\u2019UTILISATEUR assume la responsabilit\u00e9 de l\u2019utilisation du PORTAIL.\nCette responsabilit\u00e9 s\u2019\u00e9tend \u00e0 l\u2019inscription qui est n\u00e9cessaire pour acc\u00e9der \u00e0 certains services ou contenus.\nL\u2019UTILISATEUR s\u2019engage \u00e0 faire un usage appropri\u00e9 des contenus et des services que O Forno de Catuxa offre \u00e0 travers son portail et y compris, mais sans s\u2019y limiter, \u00e0 ne pas les utiliser pour\n(i) se livrer \u00e0 des activit\u00e9s illicites, ill\u00e9gales ou contraires \u00e0 la bonne foi et \u00e0 l\u2019ordre public ;\n(ii) diffuser des contenus ou de la propagande \u00e0 caract\u00e8re raciste, x\u00e9nophobe, pornographique-ill\u00e9gal, faisant l\u2019apologie du terrorisme ou violant les droits de l\u2019homme ;\n(iii) causer des dommages aux syst\u00e8mes physiques et logiques d\u2019O Forno de Catuxa, de ses fournisseurs ou de tiers, introduire ou diffuser des virus informatiques ou tout autre syst\u00e8me physique ou logique susceptible de causer les dommages susmentionn\u00e9s sur le r\u00e9seau ;\n(iv) tenter d\u2019acc\u00e9der et, le cas \u00e9ch\u00e9ant, d\u2019utiliser les comptes de messagerie d\u2019autres utilisateurs et modifier ou manipuler leurs messages.\nO Forno de Catuxa se r\u00e9serve le droit de supprimer tous les commentaires et contributions qui violent le respect de la dignit\u00e9 de la personne, qui sont discriminatoires, x\u00e9nophobes, racistes, pornographiques, qui menacent la jeunesse ou l\u2019enfance, l\u2019ordre public ou la s\u00e9curit\u00e9 ou qui, \u00e0 son avis, ne sont pas adapt\u00e9s \u00e0 la publication.\nDans tous les cas, O Forno de Catuxa ne sera pas responsable des opinions exprim\u00e9es par les utilisateurs \u00e0 travers tout outil de participation.         <\/p>\n\n<h2 class=\"wp-block-heading\"><strong>PROTECTION DES DONN\u00c9ES:<\/strong><\/h2>\n\n<p>Nous vous informons qu\u2019O Forno de Catuxa respecte les lignes directrices de la r\u00e9glementation en vigueur sur la protection des donn\u00e9es \u00e0 caract\u00e8re personnel, du r\u00e8glement (UE) 2016\/679 du 27 avril 2016 (RGPD), relatif \u00e0 la protection des personnes physiques \u00e0 l\u2019\u00e9gard du traitement des donn\u00e9es \u00e0 caract\u00e8re personnel et \u00e0 la libre circulation de ces donn\u00e9es.\nPour plus d\u2019informations, <a href=\"https:\/\/ofornodecatuxa.com\/privacidad\/\">consultez la politique de protection des donn\u00e9es<\/a> <\/p>\n\n<h2 class=\"wp-block-heading\"><strong>PROPRI\u00c9T\u00c9 INTELLECTUELLE ET INDUSTRIELLE :<\/strong><\/h2>\n\n<p>Le contenu du site web, y compris, entre autres, les images et les textes des articles, quel que soit leur format, sont la propri\u00e9t\u00e9 d\u2019O Forno de Catuxa, et sont prot\u00e9g\u00e9s par les lois et trait\u00e9s internationaux sur la propri\u00e9t\u00e9 intellectuelle.\nEn ce sens, il est express\u00e9ment interdit de copier, reproduire, vendre, transmettre, distribuer, republier, modifier ou afficher \u00e0 des fins commerciales sans votre consentement pr\u00e9alable.\nL\u2019Utilisateur s\u2019engage \u00e0 respecter les droits de propri\u00e9t\u00e9 intellectuelle et industrielle d\u00e9tenus par O Forno de Catuxa.\nVous ne pourrez visualiser que les \u00e9l\u00e9ments du site sans possibilit\u00e9 de les imprimer, de les copier ou de les stocker sur le disque dur de votre ordinateur ou sur tout autre support physique.\nL\u2019utilisateur doit s\u2019abstenir de supprimer, d\u2019alt\u00e9rer, d\u2019\u00e9luder ou de manipuler tout dispositif de protection ou syst\u00e8me de s\u00e9curit\u00e9 install\u00e9 sur les pages de O Forno de Catuxa.    <\/p>\n\n<h2 class=\"wp-block-heading\"><strong>EXCLUSION DE GARANTIES ET DE RESPONSABILIT\u00c9 :<\/strong><\/h2>\n\n<p>O Forno de Catuxa n\u2019est en aucun cas responsable des dommages de toute nature qui pourraient causer, \u00e0 titre d\u2019exemple : des erreurs ou des omissions dans les contenus, le manque de disponibilit\u00e9 du portail ou la transmission de virus ou de programmes malveillants ou nuisibles dans les contenus, bien qu\u2019il ait adopt\u00e9 toutes les mesures technologiques n\u00e9cessaires pour l\u2019\u00e9viter.\nLe contenu de ce site web est offert \u00e0 des fins d\u2019information et de diffusion.\nO Forno de Catuxa est exon\u00e9r\u00e9 de toute responsabilit\u00e9, directe ou indirecte, qui pourrait d\u00e9couler de l\u2019utilisation ou de l\u2019application des informations de ce site Web en dehors de ses finalit\u00e9s.    <\/p>\n\n<h2 class=\"wp-block-heading\"><strong>MODIFICATIONS :<\/strong><\/h2>\n\n<p>O Forno de Catuxa se r\u00e9serve le droit d\u2019apporter \u00e0 son portail les modifications qu\u2019il juge appropri\u00e9es sans pr\u00e9avis.<\/p>\n\n<h2 class=\"wp-block-heading\"><strong>UTILISATION DES COOKIES :<\/strong> <\/h2>\n\n<p>Le site web utilise des cookies (petits fichiers d\u2019information que le serveur envoie \u00e0 l\u2019ordinateur de la personne qui acc\u00e8de \u00e0 la page) pour ex\u00e9cuter certaines fonctions consid\u00e9r\u00e9es comme essentielles au bon fonctionnement et \u00e0 l\u2019affichage du site.\nPour plus d\u2019informations, <a href=\"https:\/\/ofornodecatuxa.com\/cookies\/\">consultez la politique en mati\u00e8re de cookies.<\/a> <\/p>\n\n<h2 class=\"wp-block-heading\"><strong>LIENS:<\/strong> <\/h2>\n\n<p>En aucun cas, O Forno de Catuxa n\u2019assumera aucune responsabilit\u00e9 quant au contenu de tout lien appartenant \u00e0 un site Web tiers, ni ne garantira la disponibilit\u00e9 technique, la qualit\u00e9, la fiabilit\u00e9, l\u2019exactitude, l\u2019ampleur, la v\u00e9racit\u00e9, la validit\u00e9 et la constitutionnalit\u00e9 de tout mat\u00e9riel ou information contenu dans ce site Web.  <\/p>\n\n<h2 class=\"wp-block-heading\"><strong>PHOTOGRAPHIES:<\/strong> <\/h2>\n\n<p>La souscription de produits aupr\u00e8s d\u2019O Forno de Catuxa implique l\u2019octroi de l\u2019autorisation d\u2019utiliser les photographies prises pendant l\u2019activit\u00e9 pour leur inclusion sur le site Web www.ofornodecatuxa.es, sans pr\u00e9judice de la vuln\u00e9rabilit\u00e9 de la vie priv\u00e9e du client photographi\u00e9.\nToutes les activit\u00e9s men\u00e9es \u00e0 O Forno de Catuxa sont de nature publique et si les photographies publi\u00e9es sont extraites du site Web O Forno de Catuxa et utilis\u00e9es par des tiers \u00e0 d\u2019autres fins, cette utilisation ne sera en aucun cas la responsabilit\u00e9 de O Forno de Catuxa. <\/p>\n\n<h2 class=\"wp-block-heading\"><strong>DROIT D\u2019EXCLUSION :<\/strong> <\/h2>\n\n<p>O Forno de Catuxa se r\u00e9serve le droit de refuser ou de retirer l\u2019acc\u00e8s au portail et\/ou aux services offerts sans pr\u00e9avis, \u00e0 sa propre demande ou \u00e0 celle d\u2019un tiers, aux utilisateurs qui ne respecteraient pas les pr\u00e9sentes Conditions G\u00e9n\u00e9rales d\u2019Utilisation.<\/p>\n\n<h2 class=\"wp-block-heading\"><strong>G\u00c9N\u00c9RALIT\u00c9S:<\/strong> <\/h2>\n\n<p>O Forno de Catuxa poursuivra la violation des pr\u00e9sentes conditions, ainsi que toute utilisation abusive de son portail, en exer\u00e7ant toutes les actions civiles et p\u00e9nales qui pourraient lui correspondre par la loi.<\/p>\n\n<h2 class=\"wp-block-heading\"><strong>MODIFICATION DES PR\u00c9SENTES CONDITIONS ET DUR\u00c9E :<\/strong> <\/h2>\n\n<p>O Forno de Catuxa peut modifier \u00e0 tout moment les conditions d\u00e9termin\u00e9es dans les pr\u00e9sentes, en les publiant d\u00fbment telles qu\u2019elles apparaissent ici.\nLa validit\u00e9 des conditions susmentionn\u00e9es d\u00e9pendra de leur exposition et sera en vigueur jusqu\u2019\u00e0 ce qu\u2019elles soient modifi\u00e9es par d\u2019autres d\u00fbment publi\u00e9es. <\/p>\n\n<h2 class=\"wp-block-heading\"><strong>L\u00c9GISLATION APPLICABLE ET JURIDICTION :<\/strong><\/h2>\n\n<p>La relation entre O Forno de Catuxa et l\u2019utilisateur sera r\u00e9gie par la r\u00e9glementation espagnole en vigueur et tout litige sera soumis aux Cours et Tribunaux de la ville de Lugo.<\/p>\n","protected":false},"excerpt":{"rendered":"<p>DONN\u00c9ES D\u2019IDENTIFICATION : Conform\u00e9ment au devoir d\u2019information pr\u00e9vu \u00e0 l\u2019article 10 de la loi 34\/2002, du 11 juillet, sur les services de la soci\u00e9t\u00e9 de l\u2019information et du commerce \u00e9lectronique, les donn\u00e9es suivantes sont refl\u00e9t\u00e9es ci-dessous\u00a0: UTILISATEURS: L\u2019utilisation de ce portail est absolument volontaire et implique l\u2019acceptation pleine et enti\u00e8re par la personne qui y [&hellip;]<\/p>\n","protected":false},"author":1,"featured_media":0,"parent":0,"menu_order":0,"comment_status":"closed","ping_status":"closed","template":"","meta":{"_acf_changed":false,"_seopress_robots_primary_cat":"","_seopress_titles_title":"","_seopress_titles_desc":"","_seopress_robots_index":"","footnotes":""},"class_list":["post-3594","page","type-page","status-publish","hentry"],"acf":[],"_links":{"self":[{"href":"https:\/\/ofornodecatuxa.es\/fr\/wp-json\/wp\/v2\/pages\/3594","targetHints":{"allow":["GET"]}}],"collection":[{"href":"https:\/\/ofornodecatuxa.es\/fr\/wp-json\/wp\/v2\/pages"}],"about":[{"href":"https:\/\/ofornodecatuxa.es\/fr\/wp-json\/wp\/v2\/types\/page"}],"author":[{"embeddable":true,"href":"https:\/\/ofornodecatuxa.es\/fr\/wp-json\/wp\/v2\/users\/1"}],"replies":[{"embeddable":true,"href":"https:\/\/ofornodecatuxa.es\/fr\/wp-json\/wp\/v2\/comments?post=3594"}],"version-history":[{"count":1,"href":"https:\/\/ofornodecatuxa.es\/fr\/wp-json\/wp\/v2\/pages\/3594\/revisions"}],"predecessor-version":[{"id":3596,"href":"https:\/\/ofornodecatuxa.es\/fr\/wp-json\/wp\/v2\/pages\/3594\/revisions\/3596"}],"wp:attachment":[{"href":"https:\/\/ofornodecatuxa.es\/fr\/wp-json\/wp\/v2\/media?parent=3594"}],"curies":[{"name":"wp","href":"https:\/\/api.w.org\/{rel}","templated":true}]}}