{"id":3593,"date":"2024-06-18T11:00:43","date_gmt":"2024-06-18T11:00:43","guid":{"rendered":"https:\/\/ofornodecatuxa.es\/sculpteur-xoan-vila\/"},"modified":"2024-07-30T15:08:15","modified_gmt":"2024-07-30T15:08:15","slug":"sculpteur-xoan-vila","status":"publish","type":"page","link":"https:\/\/ofornodecatuxa.es\/fr\/sculpteur-xoan-vila\/","title":{"rendered":"Sculpteur Xoan Vila"},"content":{"rendered":"\t\t<div data-elementor-type=\"wp-page\" data-elementor-id=\"3593\" class=\"elementor elementor-3593 elementor-2056\" data-elementor-post-type=\"page\">\n\t\t\t\t<div class=\"elementor-element elementor-element-eba7019 e-flex e-con-boxed e-con e-parent\" data-id=\"eba7019\" data-element_type=\"container\" data-e-type=\"container\">\n\t\t\t\t\t<div class=\"e-con-inner\">\n\t\t<div data-dce-background-image-url=\"https:\/\/ofornodecatuxa.es\/wp-content\/uploads\/2024\/06\/Xoan-Vila-scaled.jpg\" class=\"elementor-element elementor-element-03ba6c0 e-con-full e-flex elementor-invisible e-con e-child\" data-id=\"03ba6c0\" data-element_type=\"container\" data-e-type=\"container\" data-settings=\"{&quot;animation&quot;:&quot;fadeInLeft&quot;,&quot;background_background&quot;:&quot;classic&quot;}\">\n\t\t\t\t<div class=\"elementor-element elementor-element-54ae617 elementor-widget elementor-widget-spacer\" data-id=\"54ae617\" data-element_type=\"widget\" data-e-type=\"widget\" data-widget_type=\"spacer.default\">\n\t\t\t\t<div class=\"elementor-widget-container\">\n\t\t\t\t\t\t\t<div class=\"elementor-spacer\">\n\t\t\t<div class=\"elementor-spacer-inner\"><\/div>\n\t\t<\/div>\n\t\t\t\t\t\t<\/div>\n\t\t\t\t<\/div>\n\t\t\t\t<\/div>\n\t\t<div class=\"elementor-element elementor-element-5c5287b e-con-full e-flex e-con e-child\" data-id=\"5c5287b\" data-element_type=\"container\" data-e-type=\"container\">\n\t\t<div class=\"elementor-element elementor-element-6474f9d e-con-full e-flex e-con e-child\" data-id=\"6474f9d\" data-element_type=\"container\" data-e-type=\"container\" data-settings=\"{&quot;animation&quot;:&quot;none&quot;}\">\n\t\t\t\t<div class=\"elementor-element elementor-element-9c23fb4 premium-header-block elementor-widget elementor-widget-premium-addon-dual-header\" data-id=\"9c23fb4\" data-element_type=\"widget\" data-e-type=\"widget\" data-widget_type=\"premium-addon-dual-header.default\">\n\t\t\t\t\t\n\t\t<div class=\"elementor-widget-container\">\n\t\t\t\t\t<h2 class=\"premium-dual-header-first-header premium-dual-header-first-clip\"><span class=\"premium-dual-header-first-span\"> <\/span><\/h2> \t\t\t\t<\/div>\n\n\t\t\t\t\t\t<\/div>\n\t\t\t\t<div class=\"elementor-element elementor-element-a18c76b animated-slow elementor-invisible elementor-widget elementor-widget-heading\" data-id=\"a18c76b\" data-element_type=\"widget\" data-e-type=\"widget\" data-settings=\"{&quot;_animation&quot;:&quot;fadeIn&quot;,&quot;_animation_delay&quot;:500}\" data-widget_type=\"heading.default\">\n\t\t\t\t<div class=\"elementor-widget-container\">\n\t\t\t\t\t<h1 class=\"elementor-heading-title elementor-size-default\">Sculpteur de Lugo<\/h1>\t\t\t\t<\/div>\n\t\t\t\t<\/div>\n\t\t\t\t<\/div>\n\t\t\t\t<\/div>\n\t\t\t\t\t<\/div>\n\t\t\t\t<\/div>\n\t\t<div class=\"elementor-element elementor-element-d1cecdd e-con-full e-flex e-con e-parent\" data-id=\"d1cecdd\" data-element_type=\"container\" data-e-type=\"container\">\n\t\t<div class=\"elementor-element elementor-element-a23c13a e-con-full e-flex e-con e-child\" data-id=\"a23c13a\" data-element_type=\"container\" data-e-type=\"container\">\n\t\t\t\t<div class=\"elementor-element elementor-element-240200a elementor-widget-divider--view-line elementor-widget elementor-widget-divider\" data-id=\"240200a\" data-element_type=\"widget\" data-e-type=\"widget\" data-settings=\"{&quot;motion_fx_motion_fx_scrolling&quot;:&quot;yes&quot;,&quot;motion_fx_translateX_effect&quot;:&quot;yes&quot;,&quot;motion_fx_translateX_direction&quot;:&quot;negative&quot;,&quot;motion_fx_translateX_speed&quot;:{&quot;unit&quot;:&quot;px&quot;,&quot;size&quot;:&quot;0.5&quot;,&quot;sizes&quot;:[]},&quot;motion_fx_devices&quot;:[&quot;desktop&quot;,&quot;tablet&quot;],&quot;motion_fx_translateX_affectedRange&quot;:{&quot;unit&quot;:&quot;%&quot;,&quot;size&quot;:&quot;&quot;,&quot;sizes&quot;:{&quot;start&quot;:0,&quot;end&quot;:100}}}\" data-widget_type=\"divider.default\">\n\t\t\t\t<div class=\"elementor-widget-container\">\n\t\t\t\t\t\t\t<div class=\"elementor-divider\">\n\t\t\t<span class=\"elementor-divider-separator\">\n\t\t\t\t\t\t<\/span>\n\t\t<\/div>\n\t\t\t\t\t\t<\/div>\n\t\t\t\t<\/div>\n\t\t\t\t<\/div>\n\t\t<div class=\"elementor-element elementor-element-c89ae09 e-con-full e-flex e-con e-child\" data-id=\"c89ae09\" data-element_type=\"container\" data-e-type=\"container\">\n\t\t\t\t<div class=\"elementor-element elementor-element-9aa74ee elementor-widget elementor-widget-text-editor\" data-id=\"9aa74ee\" data-element_type=\"widget\" data-e-type=\"widget\" data-widget_type=\"text-editor.default\">\n\t\t\t\t<div class=\"elementor-widget-container\">\n\t\t\t\t\t\t\t\t\t<p>Xo\u00e1n Vila est un sculpteur galicien de premier plan n\u00e9 en 1958 \u00e0 Lugo.<br \/>\nAvec plus de 40 ans d\u2019exp\u00e9rience, Vila est sp\u00e9cialis\u00e9e dans les sculptures en bois, se distinguant par son style expressionniste libre.<br \/>\nIl a commenc\u00e9 sa formation artistique avec le professeur Aldrey L\u00e1zare et a expos\u00e9 dans de nombreuses galeries et mus\u00e9es, tant en Espagne qu\u2019\u00e0 l\u2019\u00e9tranger.    <\/p>\n\t\t\t\t\t\t\t\t<\/div>\n\t\t\t\t<\/div>\n\t\t\t\t<\/div>\n\t\t<div class=\"elementor-element elementor-element-23a314e e-con-full e-flex e-con e-child\" data-id=\"23a314e\" data-element_type=\"container\" data-e-type=\"container\">\n\t\t\t\t<div class=\"elementor-element elementor-element-85acce7 elementor-widget elementor-widget-text-editor\" data-id=\"85acce7\" data-element_type=\"widget\" data-e-type=\"widget\" data-widget_type=\"text-editor.default\">\n\t\t\t\t<div class=\"elementor-widget-container\">\n\t\t\t\t\t\t\t\t\t<p>Ses \u0153uvres se trouvent dans diverses institutions, dont le minist\u00e8re des Travaux publics de Madrid et l\u2019Universit\u00e9 de Saint-Jacques-de-Compostelle.<br \/>\nIl a re\u00e7u de nombreux prix et distinctions pour sa contribution \u00e0 l\u2019art. <\/p>\n<p>Vous pouvez t\u00e9l\u00e9charger sa biographie <span style=\"text-decoration: underline; color: #2e6a21;\"><a style=\"color: #2e6a21; text-decoration: underline;\" href=\"https:\/\/ofornodecatuxa.es\/wp-content\/uploads\/2024\/06\/CURRICULUM-y-biografia-2024-Xoan-Vila.pdf\" target=\"_blank\" rel=\"nofollow noopener\">en cliquant ici<\/a><\/span>.<\/p>\n\t\t\t\t\t\t\t\t<\/div>\n\t\t\t\t<\/div>\n\t\t\t\t<\/div>\n\t\t\t\t<\/div>\n\t\t<div class=\"elementor-element elementor-element-acdce41 e-con-full e-flex e-con e-parent\" data-id=\"acdce41\" data-element_type=\"container\" data-e-type=\"container\">\n\t\t<div class=\"elementor-element elementor-element-40ad2d5 e-con-full e-flex e-con e-child\" data-id=\"40ad2d5\" data-element_type=\"container\" data-e-type=\"container\" data-settings=\"{&quot;background_background&quot;:&quot;classic&quot;}\">\n\t\t<div data-dce-background-color=\"#086390\" data-dce-background-image-url=\"https:\/\/ofornodecatuxa.es\/wp-content\/uploads\/2024\/06\/Escultura-1-Xoan-Vila-scaled.jpg\" class=\"elementor-element elementor-element-ed77dfd e-con-full e-flex e-con e-child\" data-id=\"ed77dfd\" data-element_type=\"container\" data-e-type=\"container\" data-settings=\"{&quot;background_background&quot;:&quot;classic&quot;}\">\n\t\t\t\t<\/div>\n\t\t<div data-dce-background-color=\"#4E7284\" class=\"elementor-element elementor-element-e2f6458 elementor-hidden-mobile e-con-full e-flex e-con e-child\" data-id=\"e2f6458\" data-element_type=\"container\" data-e-type=\"container\" data-settings=\"{&quot;background_background&quot;:&quot;classic&quot;}\">\n\t\t\t\t<\/div>\n\t\t<div class=\"elementor-element elementor-element-0e73724 e-con-full e-flex e-con e-child\" data-id=\"0e73724\" data-element_type=\"container\" data-e-type=\"container\" data-settings=\"{&quot;background_background&quot;:&quot;slideshow&quot;,&quot;background_slideshow_gallery&quot;:[{&quot;id&quot;:2075,&quot;url&quot;:&quot;https:\\\/\\\/ofornodecatuxa.es\\\/wp-content\\\/uploads\\\/2024\\\/06\\\/Escultura-2-Xoan-Vila-scaled.jpg&quot;},{&quot;id&quot;:2074,&quot;url&quot;:&quot;https:\\\/\\\/ofornodecatuxa.es\\\/wp-content\\\/uploads\\\/2024\\\/06\\\/Escultura-3-Xoan-Vila-scaled.jpg&quot;},{&quot;id&quot;:2073,&quot;url&quot;:&quot;https:\\\/\\\/ofornodecatuxa.es\\\/wp-content\\\/uploads\\\/2024\\\/06\\\/Escultura-4-Xoan-Vila-scaled.jpg&quot;}],&quot;background_slideshow_loop&quot;:&quot;yes&quot;,&quot;background_slideshow_slide_duration&quot;:5000,&quot;background_slideshow_slide_transition&quot;:&quot;fade&quot;,&quot;background_slideshow_transition_duration&quot;:500}\">\n\t\t\t\t<\/div>\n\t\t\t\t<\/div>\n\t\t<div class=\"elementor-element elementor-element-a188329 e-con-full e-flex e-con e-child\" data-id=\"a188329\" data-element_type=\"container\" data-e-type=\"container\" data-settings=\"{&quot;background_background&quot;:&quot;classic&quot;}\">\n\t\t<div data-dce-background-color=\"#608276\" class=\"elementor-element elementor-element-88e9e79 e-con-full e-flex e-con e-child\" data-id=\"88e9e79\" data-element_type=\"container\" data-e-type=\"container\" data-settings=\"{&quot;background_background&quot;:&quot;classic&quot;}\">\n\t\t\t\t<\/div>\n\t\t<div class=\"elementor-element elementor-element-780998a elementor-hidden-tablet elementor-hidden-mobile e-con-full e-flex e-con e-child\" data-id=\"780998a\" data-element_type=\"container\" data-e-type=\"container\" data-settings=\"{&quot;background_background&quot;:&quot;slideshow&quot;,&quot;background_slideshow_slide_duration&quot;:3000,&quot;background_slideshow_gallery&quot;:[{&quot;id&quot;:2083,&quot;url&quot;:&quot;https:\\\/\\\/ofornodecatuxa.es\\\/wp-content\\\/uploads\\\/2024\\\/06\\\/Escultura-5-Xoan-Vila-scaled.jpg&quot;},{&quot;id&quot;:2082,&quot;url&quot;:&quot;https:\\\/\\\/ofornodecatuxa.es\\\/wp-content\\\/uploads\\\/2024\\\/06\\\/Escultura-6-Xoan-Vila-scaled.jpg&quot;},{&quot;id&quot;:2081,&quot;url&quot;:&quot;https:\\\/\\\/ofornodecatuxa.es\\\/wp-content\\\/uploads\\\/2024\\\/06\\\/Escultura-7-Xoan-Vila-scaled.jpg&quot;},{&quot;id&quot;:2080,&quot;url&quot;:&quot;https:\\\/\\\/ofornodecatuxa.es\\\/wp-content\\\/uploads\\\/2024\\\/06\\\/Escultura-8-Xoan-Vila-scaled.jpg&quot;}],&quot;background_slideshow_loop&quot;:&quot;yes&quot;,&quot;background_slideshow_slide_transition&quot;:&quot;fade&quot;,&quot;background_slideshow_transition_duration&quot;:500}\">\n\t\t\t\t<\/div>\n\t\t<div class=\"elementor-element elementor-element-b9acca9 elementor-hidden-tablet elementor-hidden-mobile e-con-full e-flex e-con e-child\" data-id=\"b9acca9\" data-element_type=\"container\" data-e-type=\"container\" data-settings=\"{&quot;background_background&quot;:&quot;classic&quot;}\">\n\t\t\t\t<\/div>\n\t\t<div data-dce-background-color=\"#A53E0B\" data-dce-background-image-url=\"https:\/\/ofornodecatuxa.es\/wp-content\/uploads\/2024\/06\/Escultura-arbol-Xoan-Vila-scaled.jpg\" class=\"elementor-element elementor-element-e3928c4 e-con-full e-flex e-con e-child\" data-id=\"e3928c4\" data-element_type=\"container\" data-e-type=\"container\" data-settings=\"{&quot;background_background&quot;:&quot;classic&quot;}\">\n\t\t\t\t<div class=\"elementor-element elementor-element-e2c5357 elementor-widget elementor-widget-spacer\" data-id=\"e2c5357\" data-element_type=\"widget\" data-e-type=\"widget\" data-widget_type=\"spacer.default\">\n\t\t\t\t<div class=\"elementor-widget-container\">\n\t\t\t\t\t\t\t<div class=\"elementor-spacer\">\n\t\t\t<div class=\"elementor-spacer-inner\"><\/div>\n\t\t<\/div>\n\t\t\t\t\t\t<\/div>\n\t\t\t\t<\/div>\n\t\t\t\t<\/div>\n\t\t\t\t<\/div>\n\t\t\t\t<\/div>\n\t\t\t\t<\/div>\n\t\t","protected":false},"excerpt":{"rendered":"<p>Sculpteur de Lugo Xo\u00e1n Vila est un sculpteur galicien de premier plan n\u00e9 en 1958 \u00e0 Lugo. Avec plus de 40 ans d\u2019exp\u00e9rience, Vila est sp\u00e9cialis\u00e9e dans les sculptures en bois, se distinguant par son style expressionniste libre. Il a commenc\u00e9 sa formation artistique avec le professeur Aldrey L\u00e1zare et a expos\u00e9 dans de nombreuses [&hellip;]<\/p>\n","protected":false},"author":1,"featured_media":0,"parent":0,"menu_order":0,"comment_status":"closed","ping_status":"closed","template":"elementor_header_footer","meta":{"_acf_changed":false,"_seopress_robots_primary_cat":"","_seopress_titles_title":"","_seopress_titles_desc":"Rencontrez Xo\u00e1n Vila, un \u00e9minent sculpteur galicien sp\u00e9cialis\u00e9 dans le bois et le style expressionniste libre.\nPlus de 40 ans d\u2019art dans les mus\u00e9es et les institutions. ","_seopress_robots_index":"","footnotes":""},"class_list":["post-3593","page","type-page","status-publish","hentry"],"acf":[],"_links":{"self":[{"href":"https:\/\/ofornodecatuxa.es\/fr\/wp-json\/wp\/v2\/pages\/3593","targetHints":{"allow":["GET"]}}],"collection":[{"href":"https:\/\/ofornodecatuxa.es\/fr\/wp-json\/wp\/v2\/pages"}],"about":[{"href":"https:\/\/ofornodecatuxa.es\/fr\/wp-json\/wp\/v2\/types\/page"}],"author":[{"embeddable":true,"href":"https:\/\/ofornodecatuxa.es\/fr\/wp-json\/wp\/v2\/users\/1"}],"replies":[{"embeddable":true,"href":"https:\/\/ofornodecatuxa.es\/fr\/wp-json\/wp\/v2\/comments?post=3593"}],"version-history":[{"count":2,"href":"https:\/\/ofornodecatuxa.es\/fr\/wp-json\/wp\/v2\/pages\/3593\/revisions"}],"predecessor-version":[{"id":3636,"href":"https:\/\/ofornodecatuxa.es\/fr\/wp-json\/wp\/v2\/pages\/3593\/revisions\/3636"}],"wp:attachment":[{"href":"https:\/\/ofornodecatuxa.es\/fr\/wp-json\/wp\/v2\/media?parent=3593"}],"curies":[{"name":"wp","href":"https:\/\/api.w.org\/{rel}","templated":true}]}}