{"id":3585,"date":"2024-05-29T09:40:29","date_gmt":"2024-05-29T09:40:29","guid":{"rendered":"https:\/\/ofornodecatuxa.es\/termes-et-conditions\/"},"modified":"2024-09-24T21:24:19","modified_gmt":"2024-09-24T21:24:19","slug":"termes-et-conditions","status":"publish","type":"page","link":"https:\/\/ofornodecatuxa.es\/fr\/termes-et-conditions\/","title":{"rendered":"Termes et conditions"},"content":{"rendered":"\n<h2 class=\"wp-block-heading\">1. CONDITIONS G\u00c9N\u00c9RALES PR\u00c9ALABLES \u00c0 LA CONCLUSION DU CONTRAT<\/h2>\n\n<p>a) Les pr\u00e9sentes Conditions G\u00e9n\u00e9rales r\u00e9gissent express\u00e9ment les relations commerciales entre O Forno de Catuxa (ci-apr\u00e8s, \u00ab L\u2019H\u00c9BERGEMENT \u00bb) et les Utilisateurs Priv\u00e9s (ci-apr\u00e8s, les \u00ab Clients \u00bb) qui, par le biais du site web <strong>ofornodecatuxa.es<\/strong> (ci-apr\u00e8s, le \u00ab Site \u00bb) appartenant \u00e0 THE ACCOMMODATION, acqui\u00e8rent \u00e0 tout moment les produits propos\u00e9s aux Utilisateurs Priv\u00e9s sp\u00e9cifiquement pour la vente en ligne (ci-apr\u00e8s,  les \u00ab Services \u00bb).<\/p>\n\n<p>b) Les pr\u00e9sentes Conditions G\u00e9n\u00e9rales ont \u00e9t\u00e9 r\u00e9dig\u00e9es conform\u00e9ment aux dispositions de la loi 34\/2002, du 11 juillet, sur les services de la soci\u00e9t\u00e9 de l\u2019information et du commerce \u00e9lectronique, de la loi 7\/1998 sur les conditions g\u00e9n\u00e9rales de contrat, du d\u00e9cret royal l\u00e9gislatif 1\/2007, du 16 novembre, approuvant le texte r\u00e9vis\u00e9 de la loi g\u00e9n\u00e9rale pour la d\u00e9fense des consommateurs et des utilisateurs et d\u2019autres lois compl\u00e9mentaires,  Loi 3\/2014 du 27 mars modifiant le texte r\u00e9vis\u00e9 de la loi g\u00e9n\u00e9rale pour la d\u00e9fense des consommateurs et des utilisateurs et d\u2019autres lois compl\u00e9mentaires, et la loi 7\/1996, du 15 janvier, sur la r\u00e9glementation du commerce de d\u00e9tail.<\/p>\n\n<p>c) <strong>L\u2019H\u00c9BERGEMENT<\/strong> peut modifier unilat\u00e9ralement, \u00e0 tout moment qu\u2019il juge opportun, la configuration et le contenu des pr\u00e9sentes Conditions G\u00e9n\u00e9rales.\nToutefois, les Conditions G\u00e9n\u00e9rales applicables \u00e0 une transaction donn\u00e9e seront celles en vigueur au moment de sa formalisation. <\/p>\n\n<p>d) Les termes et conditions applicables \u00e0 l\u2019achat des Produits propos\u00e9s \u00e0 la vente au public par <strong>THE ACCOMMODATION<\/strong> via son site Web seront tous ceux d\u00e9crits dans les pr\u00e9sentes Conditions G\u00e9n\u00e9rales et qui seront d\u00e9taill\u00e9s sur le Site Web tout au long du processus d\u2019achat en ligne.\nEn utilisant le Site, l\u2019utilisateur d\u00e9clare conna\u00eetre et accepter les diff\u00e9rentes proc\u00e9dures n\u00e9cessaires pour acc\u00e9der aux diff\u00e9rents Produits propos\u00e9s sur le Site ainsi que pour formaliser son achat. <\/p>\n\n<p>e) Le Client accepte sans r\u00e9serve les Conditions G\u00e9n\u00e9rales de Vente lors de la passation d\u2019une commande de Produits \u00e0 L\u2019H\u00c9BERGEMENT, ayant pr\u00e9alablement pris connaissance de leur contenu en en ayant fourni une copie de ceux-ci, en plus d\u2019\u00eatre publi\u00e9s sur le site internet de l\u2019h\u00e9bergement (le Site), en version t\u00e9l\u00e9chargeable et imprimable<\/p>\n\n<h2 class=\"wp-block-heading\">2. IDENTIFICATION DU VENDEUR ET DES CLIENTS<\/h2>\n\n<p>a) Les donn\u00e9es d\u2019identification du site Web sont les suivantes :<\/p>\n\n<p>Miguel \u00c1ngel Cabana Aguiar, NIF 33319939T, si\u00e8ge social \u00e0 Carballido 8 Esperante, 27210 Lugo et adresse e-mail : info@ofornodecatuxa.es<\/p>\n\n<p>b) Afin d\u2019effectuer des achats sur le site Web, il sera n\u00e9cessaire que les clients effectuent leur r\u00e9servation en indiquant le m\u00eame nombre de personnes, ainsi que les d\u00e9tails sp\u00e9cifiques.<\/p>\n\n<h2 class=\"wp-block-heading\">3. NATURE DU SITE<\/h2>\n\n<p>Pour r\u00e9server l\u2019h\u00e9bergement, le Client doit r\u00e9pondre aux caract\u00e9ristiques suivantes :<\/p>\n\n<ul class=\"wp-block-list\">\n<li>\u00catre une personne physique ou morale ayant sa r\u00e9sidence ou son domicile sur le territoire international.<\/li>\n\n\n\n<li>Dans le cas d\u2019une personne physique, elle doit \u00eatre majeure et avoir la capacit\u00e9 juridique suffisante pour effectuer la r\u00e9servation.<\/li>\n\n\n\n<li>Dans le cas d\u2019une personne morale, la personne qui effectue la r\u00e9servation doit disposer de pouvoirs suffisants pour effectuer l\u2019op\u00e9ration au nom et pour le compte de la personne morale.<\/li>\n\n\n\n<li>Dans tous les cas, ils doivent \u00eatre consid\u00e9r\u00e9s comme le consommateur final, conform\u00e9ment aux dispositions du d\u00e9cret l\u00e9gislatif royal 1\/2007, du 16 novembre, qui approuve le texte r\u00e9vis\u00e9 de la loi g\u00e9n\u00e9rale pour la d\u00e9fense des consommateurs et des utilisateurs, c\u2019est-\u00e0-dire pour la consommation personnelle du client ou celle des personnes au nom desquelles le client est l\u00e9galement autoris\u00e9 \u00e0 agir.\nEn cons\u00e9quence, les grossistes, distributeurs, centrales d\u2019achat, grands magasins, autres interm\u00e9diaires professionnels du m\u00eame secteur que le pr\u00e9sent Site sont exclus de l\u2019utilisation du Site, mais ne sont pas limitativement \u00e0 l\u2019utilisation du Site. <\/li>\n<\/ul>\n\n<h2 class=\"wp-block-heading\">4. H\u00c9BERGEMENTS PROPOS\u00c9S<\/h2>\n\n<p>a) L\u2019H\u00c9BERGEMENT publiera, avec l\u2019image de chacune des chambres ou de l\u2019h\u00e9bergement faisant l\u2019objet d\u2019une r\u00e9servation par le biais du site Web, les caract\u00e9ristiques sp\u00e9cifiques de chacun d\u2019entre eux, y compris les services inclus, et le prix applicable.<\/p>\n\n<p>b) L\u2019H\u00c9BERGEMENT garantit que le prix sera celui en vigueur au jour de la formalisation de la r\u00e9servation quel que soit le jour de la formalisation de la prestation.<\/p>\n\n<p>c) S\u2019il existe des offres applicables sur le prix de l\u2019h\u00e9bergement, celles-ci seront indiqu\u00e9es \u00e0 c\u00f4t\u00e9 du prix initial dans une police diff\u00e9rente qui permet au Client d\u2019identifier clairement le prix final.\nDans tous les cas, la p\u00e9riode de validit\u00e9 temporaire de l\u2019offre sera indiqu\u00e9e. <\/p>\n\n<p>d) L\u2019H\u00c9BERGEMENT peut, unilat\u00e9ralement et \u00e0 tout moment, proposer de nouveaux Services en vente sur le Site ainsi que suspendre ou annuler, temporairement ou ind\u00e9finiment, l\u2019un des services.<\/p>\n\n<p>e) Les tarifs \u00e9tablis sur le Site incluent la TVA applicable \u00e0 chaque service, mais pas toute autre taxe qui pourrait \u00eatre applicable.\nL\u2019H\u00c9BERGEMENT s\u2019engage \u00e0 maintenir les prix \u00e0 jour conform\u00e9ment aux taxes applicables \u00e0 tout moment. <\/p>\n\n<p>f) LE LOGEMENT garantit la disponibilit\u00e9 de tous les logements propos\u00e9s sur le Site.<\/p>\n\n<h2 class=\"wp-block-heading\">5. SYST\u00c8ME DE R\u00c9SERVATION<\/h2>\n\n<p>Le Client doit s\u00e9lectionner l\u2019h\u00e9bergement choisi, remplir le formulaire de r\u00e9servation et payer le montant correspondant.<\/p>\n\n<p>Au moment de la formalisation de la r\u00e9servation, un acompte du montant total sera vers\u00e9 directement sur le site web par l\u2019interm\u00e9diaire de notre prestataire de services de paiement en ligne (Stripe ou Redsys), qui peut aller jusqu\u2019\u00e0 100% de la r\u00e9servation.\nDans le cas o\u00f9, pour une raison quelconque, le paiement de la r\u00e9servation ne peut pas \u00eatre effectu\u00e9, ils seront \u00e0 nouveau gratuits. <\/p>\n\n<p>Le paiement du reste du montant de la r\u00e9servation doit \u00eatre effectu\u00e9 via notre site web par les m\u00e9thodes indiqu\u00e9es ci-dessus au moins 15 jours avant le d\u00e9but du s\u00e9jour avec les donn\u00e9es et les instructions qui seront fournies \u00e0 l\u2019e-mail que vous avez indiqu\u00e9 au moment de la r\u00e9servation ou par l\u2019e-mail qui vous sera envoy\u00e9 15 jours avant le d\u00e9but de votre s\u00e9jour.<\/p>\n\n<p>Veuillez noter que la r\u00e9servation ne sera pas confirm\u00e9e tant que le client n\u2019aura pas re\u00e7u un e-mail de confirmation.\nSi vous ne recevez pas cet e-mail, vous devez nous contacter par les moyens indiqu\u00e9s ci-dessus. <\/p>\n\n<p>La proc\u00e9dure de r\u00e9servation se fera en espagnol.<\/p>\n\n<h2 class=\"wp-block-heading\">6. CONDITIONS DE R\u00c9SERVATION<\/h2>\n\n<p>Le client reconna\u00eet et pr\u00e9cise que ce contrat n\u2019est pas un contrat de location de logement, il s\u2019agit d\u2019un contrat de location touristique.\nLe nombre total de places occup\u00e9es sera celui que vous aurez mis dans la r\u00e9serve.\nLe client ne peut pas accueillir un nombre de personnes sup\u00e9rieur \u00e0 ce qui y est convenu.\nIl n\u2019est pas permis d\u2019inviter d\u2019autres personnes qui n\u2019apparaissent pas dans le nombre total d\u2019espaces occup\u00e9s par ce contrat \u00e0 utiliser les installations, \u00e0 moins que cela ne soit demand\u00e9 \u00e0 la propri\u00e9t\u00e9 (avec un co\u00fbt suppl\u00e9mentaire \u00e0 convenir).   <\/p>\n\n<p>Le s\u00e9jour minimum est de 2 nuits, mais peut varier \u00e0 des dates sp\u00e9cifiques.\nLe syst\u00e8me de r\u00e9servation indiquera pour les dates choisies si le s\u00e9jour minimum est valable dans chaque cas. <\/p>\n\n<p>Le tarif comprend le linge de lit (draps et serviettes) et le nettoyage final du logement.<\/p>\n\n<p>Articles de courtoisie \u00e0 la disposition du client : chiffons et essuie-tout, nappe, sacs poubelles et ustensiles de nettoyage (savon \u00e0 vaisselle, savon pour lave-vaisselle), savon pour les mains et papier toilette.<\/p>\n\n<p>Equipements\u00a0: \u00e9cran plat, r\u00e9frig\u00e9rateur et cong\u00e9lateur, micro-ondes, lave-vaisselle, casseroles et po\u00eales, vaisselle, mixeur, grille-pain, machine \u00e0 caf\u00e9 Nespresso, s\u00e8che-cheveux, fer \u00e0 repasser, machine \u00e0 laver, \u00e9tenderie \u00e0 linge, chaises longues et mobilier de jardin.<\/p>\n\n<p>L\u2019entreprise ou le responsable a le droit d\u2019entrer dans l\u2019\u00e9tablissement, soit pour faire des v\u00e9rifications courantes de l\u2019\u00e9tat de l\u2019\u00e9tablissement, soit pour des raisons de force majeure ou d\u2019autres d\u00e9sagr\u00e9ments.\nLe client est responsable de tout dommage qui pourrait \u00eatre caus\u00e9 pendant le s\u00e9jour.\nTout probl\u00e8me avec les appareils ou les services qui pourrait survenir dans l\u2019\u00e9tablissement sera communiqu\u00e9 au propri\u00e9taire.  <\/p>\n\n<p>En cas de d\u00e9faut, il sera d\u00e9taill\u00e9 avec pr\u00e9cision et l\u2019utilisateur sera inform\u00e9 du dommage ou des dommages et de l\u2019\u00e9valuation \u00e9conomique de ceux-ci.<\/p>\n\n<p>Entr\u00e9es et sorties :<br\/>Arriv\u00e9e : 15h00<br\/>D\u00e9part\u00a0: 11:00<\/p>\n\n<p>Assurez-vous de nous informer de votre heure approximative d\u2019arriv\u00e9e.\nLe num\u00e9ro de t\u00e9l\u00e9phone ou l\u2019adresse e-mail fournis lors de la r\u00e9servation seront utilis\u00e9s dans le cas o\u00f9 nous aurions besoin de vous contacter. <\/p>\n\n<p>Si vous devez quitter l\u2019h\u00f4tel plus tard le jour du d\u00e9part, veuillez demander \u00e0 l\u2019enregistrement si cela est possible.\nNous essaierons de r\u00e9pondre \u00e0 votre demande.\nTout d\u00e9part apr\u00e8s 20h00 sera soumis au plein prix par nuit.  <\/p>\n\n<p>Assurez-vous de remettre TOUS les jeux de cl\u00e9s avant de partir.<\/p>\n\n<p>O Forno de Catuxa dispose de cam\u00e9ras de vid\u00e9osurveillance dans les espaces communs pour assurer la s\u00e9curit\u00e9 des clients.<\/p>\n\n<p>L\u2019installation et le fonctionnement des cam\u00e9ras de s\u00e9curit\u00e9 sont conformes \u00e0 la r\u00e9glementation en vigueur.<\/p>\n\n<h2 class=\"wp-block-heading\">7. R\u00c8GLES D\u2019H\u00c9BERGEMENT<\/h2>\n\n<ul class=\"wp-block-list\">\n<li>L\u2019heure d\u2019arriv\u00e9e est \u00e0 partir de 15h00 et l\u2019heure de d\u00e9part est jusqu\u2019\u00e0 11h00<\/li>\n\n\n\n<li>Il est interdit de fumer dans les chambres, \u00e0 l\u2019int\u00e9rieur de la propri\u00e9t\u00e9 ou sur les lieux.\nDes zones fumeurs ont \u00e9t\u00e9 am\u00e9nag\u00e9es sur le parking et dans un jardin, \u00e0 c\u00f4t\u00e9 de la cabine. <\/li>\n\n\n\n<li>Les serviettes de bain dans les appartements sont \u00e0 usage exclusif \u00e0 l\u2019int\u00e9rieur des appartements.\nSi vous pr\u00e9voyez d\u2019aller \u00e0 la plage ou d\u2019utiliser la piscine, n\u2019oubliez pas d\u2019apporter votre serviette de la maison. <\/li>\n\n\n\n<li>Si vous avez r\u00e9serv\u00e9 le petit-d\u00e9jeuner avec nous, veuillez noter que nous le laisserons \u00e0 la porte de votre appartement \u00e0 8h30.\nLorsque vous avez termin\u00e9, nous vous demandons de placer les r\u00e9cipients dans le panier et de le laisser sur la m\u00eame table o\u00f9 il est livr\u00e9. <\/li>\n\n\n\n<li>Si vous venez nous rendre visite du 1er juin au 16 octobre, vous pourrez profiter de la piscine chauff\u00e9e \u00e0 28\u00ba d\u2019eau sal\u00e9e.\nLes heures d\u2019ouverture sont de 9h30 \u00e0 21h00. <\/li>\n\n\n\n<li>\u00c0 1h00 du matin, les installations du jardin seront \u00e9teintes et ferm\u00e9es.<\/li>\n\n\n\n<li>Les animaux domestiques ne sont pas autoris\u00e9s dans l\u2019\u00e9tablissement.<\/li>\n<\/ul>\n\n<h2 class=\"wp-block-heading\">8. MODE DE PAIEMENT<\/h2>\n\n<p>a) Le paiement du s\u00e9jour sera effectu\u00e9 en totalit\u00e9 au d\u00e9part de l\u2019h\u00e9bergement.<\/p>\n\n<h2 class=\"wp-block-heading\">9. DROIT DE R\u00c9TRACTATION DES COMMANDES<\/h2>\n\n<p>Les services offerts sur ce site web constituent une exception au droit de r\u00e9tractation des consommateurs et des utilisateurs, car il s\u2019agit d\u2019un service d\u2019h\u00e9bergement touristique, et, par cons\u00e9quent, le droit de r\u00e9tractation susmentionn\u00e9 dispara\u00eet lorsque l\u2019utilisateur est conscient de cette circonstance et l\u2019accepte au moment d\u2019effectuer la r\u00e9servation correspondante (article 103 lettre l du d\u00e9cret l\u00e9gislatif royal 1\/2007,  du 16 novembre, approuvant le texte r\u00e9vis\u00e9 de la loi g\u00e9n\u00e9rale pour la d\u00e9fense des consommateurs et des utilisateurs et d\u2019autres lois compl\u00e9mentaires).<\/p>\n\n<h2 class=\"wp-block-heading\">10. POLITIQUE D\u2019ANNULATION<\/h2>\n\n<p>O Forno de Catuxa a l\u2019annulation gratuite jusqu\u2019\u00e0 7 jours \u00e0 l\u2019avance.\nSi l\u2019annulation intervient entre 6 jours avant et le jour de la date d\u2019arriv\u00e9e, une nuit sera factur\u00e9e \u00e0 titre de p\u00e9nalit\u00e9.\nEn cas de non-pr\u00e9sentation sans annulation pr\u00e9alable, une nuit sera \u00e9galement factur\u00e9e \u00e0 titre de p\u00e9nalit\u00e9.  <\/p>\n\n<p>Toute annulation, y compris en cas de force majeure, sera soumise \u00e0 notre politique d\u2019annulation.\nEn cas de force majeure, avant d\u2019annuler la r\u00e9servation, veuillez nous contacter directement pour essayer de trouver une solution mutuellement b\u00e9n\u00e9fique. <\/p>\n\n<p>Dans le cas o\u00f9 LE LOGEMENT n\u2019est pas en mesure de fournir au client le logement qu\u2019il a r\u00e9serv\u00e9 en raison d\u2019un cas de force majeure, le client en sera inform\u00e9 dans les plus brefs d\u00e9lais afin d\u2019essayer de trouver une solution optimale pour les deux parties.\nSi un accord n\u2019est pas trouv\u00e9, la totalit\u00e9 du montant pay\u00e9 jusqu\u2019\u00e0 pr\u00e9sent sera rembours\u00e9e. <\/p>\n\n<p>Toutes les annulations ou modifications doivent \u00eatre faites par t\u00e9l\u00e9phone ou par courriel \u00e0 l\u2019adresse indiqu\u00e9e ci-dessus.<\/p>\n\n<p>Interruption du s\u00e9jour : Aucun remboursement ou paiement ne sera effectu\u00e9 en cas d\u2019interruption du s\u00e9jour dans l\u2019h\u00e9bergement.<\/p>\n\n<h2 class=\"wp-block-heading\">11. PROTECTION DES DONN\u00c9ES PERSONNELLES<\/h2>\n\n<p>Consultez la <a href=\"https:\/\/ofornodecatuxa.es\/privacidad\/\">Politique de confidentialit\u00e9<\/a>.<\/p>\n\n<h2 class=\"wp-block-heading\">12. COMMUNICATIONS ET SERVICE \u00c0 LA CLIENT\u00c8LE.<\/h2>\n\n<p>Pour les besoins des pr\u00e9sentes Conditions G\u00e9n\u00e9rales, et pour toute communication qui pourrait \u00eatre n\u00e9cessaire entre LE LOGEMENT et les Utilisateurs, ces derniers doivent contacter LE LOGEMENT par courrier \u00e9lectronique ou par communication \u00e9crite.<\/p>\n\n<h2 class=\"wp-block-heading\">13. OPPOSABILIT\u00c9 DES CONTRATS.<\/h2>\n\n<p>La validit\u00e9 des contrats conclus par voie \u00e9lectronique est prot\u00e9g\u00e9e par l\u2019article 23, paragraphes 1 et 3, de la loi 34\/2002 sur les services de la soci\u00e9t\u00e9 de l\u2019information et le commerce \u00e9lectronique : \u00ab Les contrats conclus par voie \u00e9lectronique ont la m\u00eame validit\u00e9 et produisent tous les effets du syst\u00e8me juridique civil et commercial. \u00bb<\/p>\n\n<p>Le Contrat est conclu \u00e0 partir du moment o\u00f9 le client exprime son accord avec les pr\u00e9sentes conditions g\u00e9n\u00e9rales en cliquant sur le bouton Acceptation et Lecture de ces conditions et apr\u00e8s avoir correctement rempli le formulaire propos\u00e9 \u00e0 partir du serveur du site Web ou \u00e9galement en d\u00e9posant ou en envoyant ladite acceptation par tout autre moyen \u00e9lectronique ou traditionnel dans les bureaux du si\u00e8ge.<\/p>\n\n<p>Une fois cette acceptation effectu\u00e9e, le client recevra une notification du site Web automatiquement envoy\u00e9e \u00e0 l\u2019adresse e-mail fournie lors de l\u2019inscription.\nCet e-mail vous sera envoy\u00e9 dans les 24 heures et montrera les informations relatives \u00e0 votre inscription et au type de contrat s\u00e9lectionn\u00e9 avec les conditions sp\u00e9cifiques qui s\u2019appliquent \u00e0 chaque type \u00e0 tout moment et qui sont accept\u00e9es avec les pr\u00e9sentes conditions g\u00e9n\u00e9rales au moment de la souscription.\nToutefois, et comme il s\u2019agit d\u2019un \u00e9l\u00e9ment technique et automatique, la r\u00e9ception dudit courrier \u00e9lectronique ne peut avoir lieu pour des raisons techniques ind\u00e9pendantes de la volont\u00e9 du Site.\nDans ces cas, le client doit contacter notre service client pour rendre la r\u00e9servation effective.   <\/p>\n\n<p>Le client s\u2019engage \u00e0 ce qu\u2019il ne soit pas n\u00e9cessaire de confirmer la r\u00e9ception de l\u2019acceptation du contrat lorsqu\u2019il a \u00e9t\u00e9 conclu exclusivement au moyen d\u2019un \u00e9change de courrier \u00e9lectronique ou d\u2019une autre communication \u00e9lectronique \u00e9quivalente, comme \u00e9tabli \u00e0 l\u2019article 28.3 b) de la loi 34\/2002 sur les services de la soci\u00e9t\u00e9 de l\u2019information et le commerce \u00e9lectronique.  ainsi que les dispositions du RD 1906\/1999.\nLes parties conviennent d\u2019assimiler juridiquement la signature manuscrite du client \u00e0 celle faite au moyen de tout type de cl\u00e9s, de codes ou d\u2019\u00e9l\u00e9ments de s\u00e9curit\u00e9 d\u2019identification.\nNonobstant ce qui pr\u00e9c\u00e8de, L\u2019H\u00c9BERGEMENT peut exiger une confirmation \u00e9crite lorsqu\u2019il le juge n\u00e9cessaire.  <\/p>\n\n<h2 class=\"wp-block-heading\">14. NULLIT\u00c9 DES CLAUSES.<\/h2>\n\n<p>Si l\u2019une des dispositions du pr\u00e9sent accord est jug\u00e9e ill\u00e9gale, invalide ou inapplicable pour quelque raison que ce soit, cette ill\u00e9galit\u00e9, inapplicabilit\u00e9 ou invalidit\u00e9 sera limit\u00e9e uniquement \u00e0 cette disposition et n\u2019affectera pas la validit\u00e9 ou l\u2019applicabilit\u00e9 des dispositions restantes.<\/p>\n\n<h2 class=\"wp-block-heading\">15. L\u00c9GISLATION APPLICABLE ET JURIDICTION.<\/h2>\n\n<p>Tous les litiges pouvant d\u00e9couler de l\u2019application de ces r\u00e8gles seront r\u00e9gis par les lois espagnoles et, dans la mesure maximale autoris\u00e9e par la loi, seront soumis aux tribunaux auxquels le logement est rattach\u00e9.<\/p>\n","protected":false},"excerpt":{"rendered":"<p>1. CONDITIONS G\u00c9N\u00c9RALES PR\u00c9ALABLES \u00c0 LA CONCLUSION DU CONTRAT a) Les pr\u00e9sentes Conditions G\u00e9n\u00e9rales r\u00e9gissent express\u00e9ment les relations commerciales entre O Forno de Catuxa (ci-apr\u00e8s, \u00ab L\u2019H\u00c9BERGEMENT \u00bb) et les Utilisateurs Priv\u00e9s (ci-apr\u00e8s, les \u00ab Clients \u00bb) qui, par le biais du site web ofornodecatuxa.es (ci-apr\u00e8s, le \u00ab Site \u00bb) appartenant \u00e0 THE ACCOMMODATION, acqui\u00e8rent [&hellip;]<\/p>\n","protected":false},"author":1,"featured_media":0,"parent":0,"menu_order":0,"comment_status":"closed","ping_status":"closed","template":"","meta":{"_acf_changed":false,"_seopress_robots_primary_cat":"","_seopress_titles_title":"","_seopress_titles_desc":"","_seopress_robots_index":"","footnotes":""},"class_list":["post-3585","page","type-page","status-publish","hentry"],"acf":[],"_links":{"self":[{"href":"https:\/\/ofornodecatuxa.es\/fr\/wp-json\/wp\/v2\/pages\/3585","targetHints":{"allow":["GET"]}}],"collection":[{"href":"https:\/\/ofornodecatuxa.es\/fr\/wp-json\/wp\/v2\/pages"}],"about":[{"href":"https:\/\/ofornodecatuxa.es\/fr\/wp-json\/wp\/v2\/types\/page"}],"author":[{"embeddable":true,"href":"https:\/\/ofornodecatuxa.es\/fr\/wp-json\/wp\/v2\/users\/1"}],"replies":[{"embeddable":true,"href":"https:\/\/ofornodecatuxa.es\/fr\/wp-json\/wp\/v2\/comments?post=3585"}],"version-history":[{"count":3,"href":"https:\/\/ofornodecatuxa.es\/fr\/wp-json\/wp\/v2\/pages\/3585\/revisions"}],"predecessor-version":[{"id":4607,"href":"https:\/\/ofornodecatuxa.es\/fr\/wp-json\/wp\/v2\/pages\/3585\/revisions\/4607"}],"wp:attachment":[{"href":"https:\/\/ofornodecatuxa.es\/fr\/wp-json\/wp\/v2\/media?parent=3585"}],"curies":[{"name":"wp","href":"https:\/\/api.w.org\/{rel}","templated":true}]}}