{"id":3512,"date":"2023-01-27T12:59:03","date_gmt":"2023-01-27T12:59:03","guid":{"rendered":"https:\/\/ofornodecatuxa.es\/blog\/"},"modified":"2024-07-30T10:05:01","modified_gmt":"2024-07-30T10:05:01","slug":"blog","status":"publish","type":"page","link":"https:\/\/ofornodecatuxa.es\/fr\/blog\/","title":{"rendered":"Blog"},"content":{"rendered":"\t\t<div data-elementor-type=\"wp-page\" data-elementor-id=\"3512\" class=\"elementor elementor-3512 elementor-1345\" data-elementor-post-type=\"page\">\n\t\t\t\t<div class=\"elementor-element elementor-element-2e48fac e-con-full e-flex e-con e-parent\" data-id=\"2e48fac\" data-element_type=\"container\" data-e-type=\"container\">\n\t\t<div class=\"elementor-element elementor-element-df71013 e-con-full e-flex e-con e-child\" data-id=\"df71013\" data-element_type=\"container\" data-e-type=\"container\">\n\t\t\t\t<div class=\"elementor-element elementor-element-2c10a1b elementor-widget-divider--view-line elementor-widget elementor-widget-divider\" data-id=\"2c10a1b\" data-element_type=\"widget\" data-e-type=\"widget\" data-settings=\"{&quot;motion_fx_motion_fx_scrolling&quot;:&quot;yes&quot;,&quot;motion_fx_translateX_effect&quot;:&quot;yes&quot;,&quot;motion_fx_translateX_direction&quot;:&quot;negative&quot;,&quot;motion_fx_translateX_speed&quot;:{&quot;unit&quot;:&quot;px&quot;,&quot;size&quot;:&quot;1&quot;,&quot;sizes&quot;:[]},&quot;motion_fx_devices&quot;:[&quot;desktop&quot;],&quot;motion_fx_translateX_affectedRange&quot;:{&quot;unit&quot;:&quot;%&quot;,&quot;size&quot;:&quot;&quot;,&quot;sizes&quot;:{&quot;start&quot;:0,&quot;end&quot;:100}}}\" data-widget_type=\"divider.default\">\n\t\t\t\t<div class=\"elementor-widget-container\">\n\t\t\t\t\t\t\t<div class=\"elementor-divider\">\n\t\t\t<span class=\"elementor-divider-separator\">\n\t\t\t\t\t\t<\/span>\n\t\t<\/div>\n\t\t\t\t\t\t<\/div>\n\t\t\t\t<\/div>\n\t\t\t\t<\/div>\n\t\t<div class=\"elementor-element elementor-element-a5bceea e-con-full e-flex e-con e-child\" data-id=\"a5bceea\" data-element_type=\"container\" data-e-type=\"container\">\n\t\t\t\t<div class=\"elementor-element elementor-element-3d41396 premium-header-block elementor-widget__width-initial elementor-widget elementor-widget-premium-addon-dual-header\" data-id=\"3d41396\" data-element_type=\"widget\" data-e-type=\"widget\" data-widget_type=\"premium-addon-dual-header.default\">\n\t\t\t\t\t\n\t\t<div class=\"elementor-widget-container\">\n\t\t\t\t\t<h2 class=\"premium-dual-header-first-header premium-dual-header-first-clip\"><span class=\"premium-dual-header-first-span\">Blog <\/span><\/h2> \t\t\t\t<\/div>\n\n\t\t\t\t\t\t<\/div>\n\t\t\t\t<\/div>\n\t\t\t\t<\/div>\n\t\t<div class=\"elementor-element elementor-element-214d796 e-flex e-con-boxed e-con e-parent\" data-id=\"214d796\" data-element_type=\"container\" data-e-type=\"container\">\n\t\t\t\t\t<div class=\"e-con-inner\">\n\t\t<div class=\"elementor-element elementor-element-5eb09d9 e-con-full e-flex e-con e-child\" data-id=\"5eb09d9\" data-element_type=\"container\" data-e-type=\"container\">\n\t\t\t\t<div class=\"elementor-element elementor-element-16dca0d elementor-posts__hover-none elementor-grid-tablet-1 elementor-grid-3 elementor-grid-mobile-1 elementor-posts--thumbnail-top elementor-widget elementor-widget-posts\" data-id=\"16dca0d\" data-element_type=\"widget\" data-e-type=\"widget\" data-settings=\"{&quot;cards_row_gap&quot;:{&quot;unit&quot;:&quot;px&quot;,&quot;size&quot;:&quot;50&quot;,&quot;sizes&quot;:[]},&quot;cards_columns_tablet&quot;:&quot;1&quot;,&quot;cards_columns&quot;:&quot;3&quot;,&quot;cards_columns_mobile&quot;:&quot;1&quot;,&quot;cards_row_gap_tablet&quot;:{&quot;unit&quot;:&quot;px&quot;,&quot;size&quot;:&quot;&quot;,&quot;sizes&quot;:[]},&quot;cards_row_gap_mobile&quot;:{&quot;unit&quot;:&quot;px&quot;,&quot;size&quot;:&quot;&quot;,&quot;sizes&quot;:[]}}\" data-widget_type=\"posts.cards\">\n\t\t\t\t<div class=\"elementor-widget-container\">\n\t\t\t\t\t\t\t<div class=\"elementor-posts-container elementor-posts elementor-posts--skin-cards elementor-grid\" role=\"list\">\n\t\t\t\t<article class=\"elementor-post elementor-grid-item post-3543 post type-post status-publish format-standard has-post-thumbnail hentry category-histoire category-mythologie category-nature\" role=\"listitem\">\n\t\t\t<div class=\"elementor-post__card\">\n\t\t\t\t<a class=\"elementor-post__thumbnail__link\" href=\"https:\/\/ofornodecatuxa.es\/fr\/le-pont-de-la-peur\/\" tabindex=\"-1\" ><div class=\"elementor-post__thumbnail\"><img loading=\"lazy\" decoding=\"async\" width=\"1440\" height=\"654\" src=\"https:\/\/ofornodecatuxa.es\/wp-content\/uploads\/2024\/06\/La-Corredoira-O-Forno-de-Catuxa.png\" class=\"attachment-full size-full wp-image-3439\" alt=\"\" srcset=\"https:\/\/ofornodecatuxa.es\/wp-content\/uploads\/2024\/06\/La-Corredoira-O-Forno-de-Catuxa.png 1440w, https:\/\/ofornodecatuxa.es\/wp-content\/uploads\/2024\/06\/La-Corredoira-O-Forno-de-Catuxa-300x136.png 300w, https:\/\/ofornodecatuxa.es\/wp-content\/uploads\/2024\/06\/La-Corredoira-O-Forno-de-Catuxa-1024x465.png 1024w, https:\/\/ofornodecatuxa.es\/wp-content\/uploads\/2024\/06\/La-Corredoira-O-Forno-de-Catuxa-768x349.png 768w\" sizes=\"auto, (max-width: 1440px) 100vw, 1440px\" \/><\/div><\/a>\n\t\t\t\t<div class=\"elementor-post__text\">\n\t\t\t\t<h3 class=\"elementor-post__title\">\n\t\t\t<a href=\"https:\/\/ofornodecatuxa.es\/fr\/le-pont-de-la-peur\/\" >\n\t\t\t\tLe pont de la peur\t\t\t<\/a>\n\t\t<\/h3>\n\t\t\t\t<div class=\"elementor-post__excerpt\">\n\t\t\t<p>Au sud d\u2019O Forno de Catuxa se trouve O Pedregal, une souto (for\u00eat) de ch\u00e2taigniers, de ch\u00eanes et de ch\u00eanes-li\u00e8ges,<\/p>\n\t\t<\/div>\n\t\t\n\t\t<a class=\"elementor-post__read-more\" href=\"https:\/\/ofornodecatuxa.es\/fr\/le-pont-de-la-peur\/\" aria-label=\"En savoir plus sur Le pont de la peur\" tabindex=\"-1\" >\n\t\t\tContinuer la lecture \u00bb\t\t<\/a>\n\n\t\t\t\t<\/div>\n\t\t\t\t<div class=\"elementor-post__meta-data\">\n\t\t\t\t\t<span class=\"elementor-post-date\">\n\t\t\t21\/06\/2024\t\t<\/span>\n\t\t\t\t<\/div>\n\t\t\t\t\t<\/div>\n\t\t<\/article>\n\t\t\t\t<article class=\"elementor-post elementor-grid-item post-3555 post type-post status-publish format-standard has-post-thumbnail hentry category-amis\" role=\"listitem\">\n\t\t\t<div class=\"elementor-post__card\">\n\t\t\t\t<a class=\"elementor-post__thumbnail__link\" href=\"https:\/\/ofornodecatuxa.es\/fr\/les-amis-de-catuxa\/\" tabindex=\"-1\" ><div class=\"elementor-post__thumbnail\"><img loading=\"lazy\" decoding=\"async\" width=\"1600\" height=\"900\" src=\"https:\/\/ofornodecatuxa.es\/wp-content\/uploads\/2024\/06\/ded5d414_ce5d_4596_adf8_f22d33358b3e.jpg\" class=\"attachment-full size-full wp-image-11924\" alt=\"los amigos de Catuxa\" srcset=\"https:\/\/ofornodecatuxa.es\/wp-content\/uploads\/2024\/06\/ded5d414_ce5d_4596_adf8_f22d33358b3e.jpg 1600w, https:\/\/ofornodecatuxa.es\/wp-content\/uploads\/2024\/06\/ded5d414_ce5d_4596_adf8_f22d33358b3e-300x169.jpg 300w, https:\/\/ofornodecatuxa.es\/wp-content\/uploads\/2024\/06\/ded5d414_ce5d_4596_adf8_f22d33358b3e-1024x576.jpg 1024w, https:\/\/ofornodecatuxa.es\/wp-content\/uploads\/2024\/06\/ded5d414_ce5d_4596_adf8_f22d33358b3e-768x432.jpg 768w, https:\/\/ofornodecatuxa.es\/wp-content\/uploads\/2024\/06\/ded5d414_ce5d_4596_adf8_f22d33358b3e-1536x864.jpg 1536w\" sizes=\"auto, (max-width: 1600px) 100vw, 1600px\" \/><\/div><\/a>\n\t\t\t\t<div class=\"elementor-post__text\">\n\t\t\t\t<h3 class=\"elementor-post__title\">\n\t\t\t<a href=\"https:\/\/ofornodecatuxa.es\/fr\/les-amis-de-catuxa\/\" >\n\t\t\t\tLes amis de Catuxa\t\t\t<\/a>\n\t\t<\/h3>\n\t\t\t\t<div class=\"elementor-post__excerpt\">\n\t\t\t<p>La Galice est une terre merveilleuse. Plein de surprises et de duende. Ici, il y a de magnifiques professionnels du<\/p>\n\t\t<\/div>\n\t\t\n\t\t<a class=\"elementor-post__read-more\" href=\"https:\/\/ofornodecatuxa.es\/fr\/les-amis-de-catuxa\/\" aria-label=\"En savoir plus sur Les amis de Catuxa\" tabindex=\"-1\" >\n\t\t\tContinuer la lecture \u00bb\t\t<\/a>\n\n\t\t\t\t<\/div>\n\t\t\t\t<div class=\"elementor-post__meta-data\">\n\t\t\t\t\t<span class=\"elementor-post-date\">\n\t\t\t20\/06\/2024\t\t<\/span>\n\t\t\t\t<\/div>\n\t\t\t\t\t<\/div>\n\t\t<\/article>\n\t\t\t\t<article class=\"elementor-post elementor-grid-item post-3562 post type-post status-publish format-standard has-post-thumbnail hentry category-mythologie category-nature\" role=\"listitem\">\n\t\t\t<div class=\"elementor-post__card\">\n\t\t\t\t<a class=\"elementor-post__thumbnail__link\" href=\"https:\/\/ofornodecatuxa.es\/fr\/meigas-forets-animees-et-santa-compana\/\" tabindex=\"-1\" ><div class=\"elementor-post__thumbnail\"><img loading=\"lazy\" decoding=\"async\" width=\"1292\" height=\"592\" src=\"https:\/\/ofornodecatuxa.es\/wp-content\/uploads\/2023\/02\/Copas-de-los-arboles.png\" class=\"attachment-full size-full wp-image-3425\" alt=\"\" srcset=\"https:\/\/ofornodecatuxa.es\/wp-content\/uploads\/2023\/02\/Copas-de-los-arboles.png 1292w, https:\/\/ofornodecatuxa.es\/wp-content\/uploads\/2023\/02\/Copas-de-los-arboles-300x137.png 300w, https:\/\/ofornodecatuxa.es\/wp-content\/uploads\/2023\/02\/Copas-de-los-arboles-1024x469.png 1024w, https:\/\/ofornodecatuxa.es\/wp-content\/uploads\/2023\/02\/Copas-de-los-arboles-768x352.png 768w\" sizes=\"auto, (max-width: 1292px) 100vw, 1292px\" \/><\/div><\/a>\n\t\t\t\t<div class=\"elementor-post__text\">\n\t\t\t\t<h3 class=\"elementor-post__title\">\n\t\t\t<a href=\"https:\/\/ofornodecatuxa.es\/fr\/meigas-forets-animees-et-santa-compana\/\" >\n\t\t\t\tMeigas, for\u00eats anim\u00e9es et Santa Compa\u00f1a\t\t\t<\/a>\n\t\t<\/h3>\n\t\t\t\t<div class=\"elementor-post__excerpt\">\n\t\t\t<p>Et s\u2019il y a des meigas en Galice ? Bien s\u00fbr! Et attention, bon et mauvais. C\u2019est pourquoi O Forno<\/p>\n\t\t<\/div>\n\t\t\n\t\t<a class=\"elementor-post__read-more\" href=\"https:\/\/ofornodecatuxa.es\/fr\/meigas-forets-animees-et-santa-compana\/\" aria-label=\"En savoir plus sur Meigas, for\u00eats anim\u00e9es et Santa Compa\u00f1a\" tabindex=\"-1\" >\n\t\t\tContinuer la lecture \u00bb\t\t<\/a>\n\n\t\t\t\t<\/div>\n\t\t\t\t<div class=\"elementor-post__meta-data\">\n\t\t\t\t\t<span class=\"elementor-post-date\">\n\t\t\t22\/02\/2023\t\t<\/span>\n\t\t\t\t<\/div>\n\t\t\t\t\t<\/div>\n\t\t<\/article>\n\t\t\t\t<article class=\"elementor-post elementor-grid-item post-3568 post type-post status-publish format-standard has-post-thumbnail hentry category-celebrations category-histoire category-mythologie\" role=\"listitem\">\n\t\t\t<div class=\"elementor-post__card\">\n\t\t\t\t<a class=\"elementor-post__thumbnail__link\" href=\"https:\/\/ofornodecatuxa.es\/fr\/nuit-de-la-saint-jean-meigas-et-feu-purificateur\/\" tabindex=\"-1\" ><div class=\"elementor-post__thumbnail\"><img loading=\"lazy\" decoding=\"async\" width=\"1600\" height=\"1200\" src=\"https:\/\/ofornodecatuxa.es\/wp-content\/uploads\/2024\/06\/Hoguera-Noche-de-San-Juan.jpg\" class=\"attachment-full size-full wp-image-3387\" alt=\"\" srcset=\"https:\/\/ofornodecatuxa.es\/wp-content\/uploads\/2024\/06\/Hoguera-Noche-de-San-Juan.jpg 1600w, https:\/\/ofornodecatuxa.es\/wp-content\/uploads\/2024\/06\/Hoguera-Noche-de-San-Juan-300x225.jpg 300w, https:\/\/ofornodecatuxa.es\/wp-content\/uploads\/2024\/06\/Hoguera-Noche-de-San-Juan-1024x768.jpg 1024w, https:\/\/ofornodecatuxa.es\/wp-content\/uploads\/2024\/06\/Hoguera-Noche-de-San-Juan-768x576.jpg 768w, https:\/\/ofornodecatuxa.es\/wp-content\/uploads\/2024\/06\/Hoguera-Noche-de-San-Juan-1536x1152.jpg 1536w\" sizes=\"auto, (max-width: 1600px) 100vw, 1600px\" \/><\/div><\/a>\n\t\t\t\t<div class=\"elementor-post__text\">\n\t\t\t\t<h3 class=\"elementor-post__title\">\n\t\t\t<a href=\"https:\/\/ofornodecatuxa.es\/fr\/nuit-de-la-saint-jean-meigas-et-feu-purificateur\/\" >\n\t\t\t\tNuit de la Saint-Jean : Meigas et feu purificateur\t\t\t<\/a>\n\t\t<\/h3>\n\t\t\t\t<div class=\"elementor-post__excerpt\">\n\t\t\t<p>La Galice vit et boit des traditions s\u00e9culaires. L\u00e9gendes et traditions magiques entrem\u00ealent notre histoire et notre vie. Et c\u2019est<\/p>\n\t\t<\/div>\n\t\t\n\t\t<a class=\"elementor-post__read-more\" href=\"https:\/\/ofornodecatuxa.es\/fr\/nuit-de-la-saint-jean-meigas-et-feu-purificateur\/\" aria-label=\"En savoir plus sur Nuit de la Saint-Jean : Meigas et feu purificateur\" tabindex=\"-1\" >\n\t\t\tContinuer la lecture \u00bb\t\t<\/a>\n\n\t\t\t\t<\/div>\n\t\t\t\t<div class=\"elementor-post__meta-data\">\n\t\t\t\t\t<span class=\"elementor-post-date\">\n\t\t\t12\/01\/2023\t\t<\/span>\n\t\t\t\t<\/div>\n\t\t\t\t\t<\/div>\n\t\t<\/article>\n\t\t\t\t<article class=\"elementor-post elementor-grid-item post-3576 post type-post status-publish format-standard has-post-thumbnail hentry category-amis category-animaux category-nature\" role=\"listitem\">\n\t\t\t<div class=\"elementor-post__card\">\n\t\t\t\t<a class=\"elementor-post__thumbnail__link\" href=\"https:\/\/ofornodecatuxa.es\/fr\/lamour-des-animaux-notre-mode-de-vie\/\" tabindex=\"-1\" ><div class=\"elementor-post__thumbnail\"><img loading=\"lazy\" decoding=\"async\" width=\"1600\" height=\"1200\" src=\"https:\/\/ofornodecatuxa.es\/wp-content\/uploads\/2022\/12\/Gallinas.jpg\" class=\"attachment-full size-full wp-image-3419\" alt=\"\" srcset=\"https:\/\/ofornodecatuxa.es\/wp-content\/uploads\/2022\/12\/Gallinas.jpg 1600w, https:\/\/ofornodecatuxa.es\/wp-content\/uploads\/2022\/12\/Gallinas-300x225.jpg 300w, https:\/\/ofornodecatuxa.es\/wp-content\/uploads\/2022\/12\/Gallinas-1024x768.jpg 1024w, https:\/\/ofornodecatuxa.es\/wp-content\/uploads\/2022\/12\/Gallinas-768x576.jpg 768w, https:\/\/ofornodecatuxa.es\/wp-content\/uploads\/2022\/12\/Gallinas-1536x1152.jpg 1536w\" sizes=\"auto, (max-width: 1600px) 100vw, 1600px\" \/><\/div><\/a>\n\t\t\t\t<div class=\"elementor-post__text\">\n\t\t\t\t<h3 class=\"elementor-post__title\">\n\t\t\t<a href=\"https:\/\/ofornodecatuxa.es\/fr\/lamour-des-animaux-notre-mode-de-vie\/\" >\n\t\t\t\tL\u2019amour des animaux : notre mode de vie\t\t\t<\/a>\n\t\t<\/h3>\n\t\t\t\t<div class=\"elementor-post__excerpt\">\n\t\t\t<p>Nous aimons les animaux. Expliquer ce sentiment, c\u2019est se plonger dans notre philosophie de vie. Nous aimons, prenons soin et<\/p>\n\t\t<\/div>\n\t\t\n\t\t<a class=\"elementor-post__read-more\" href=\"https:\/\/ofornodecatuxa.es\/fr\/lamour-des-animaux-notre-mode-de-vie\/\" aria-label=\"En savoir plus sur L\u2019amour des animaux : notre mode de vie\" tabindex=\"-1\" >\n\t\t\tContinuer la lecture \u00bb\t\t<\/a>\n\n\t\t\t\t<\/div>\n\t\t\t\t<div class=\"elementor-post__meta-data\">\n\t\t\t\t\t<span class=\"elementor-post-date\">\n\t\t\t22\/12\/2022\t\t<\/span>\n\t\t\t\t<\/div>\n\t\t\t\t\t<\/div>\n\t\t<\/article>\n\t\t\t\t<\/div>\n\t\t\n\t\t\t\t\t\t<\/div>\n\t\t\t\t<\/div>\n\t\t\t\t<\/div>\n\t\t\t\t\t<\/div>\n\t\t\t\t<\/div>\n\t\t\t\t<\/div>\n\t\t","protected":false},"excerpt":{"rendered":"<p>Blog<\/p>\n","protected":false},"author":1,"featured_media":0,"parent":0,"menu_order":0,"comment_status":"closed","ping_status":"closed","template":"","meta":{"_acf_changed":false,"_seopress_robots_primary_cat":"","_seopress_titles_title":"","_seopress_titles_desc":"Des histoires, des curiosit\u00e9s, des gens, des traditions et de la mythologie.\nPartagez avec nous notre vision du monde et les histoires que la Galice a \u00e0 raconter. ","_seopress_robots_index":"","footnotes":""},"class_list":["post-3512","page","type-page","status-publish","hentry"],"acf":[],"_links":{"self":[{"href":"https:\/\/ofornodecatuxa.es\/fr\/wp-json\/wp\/v2\/pages\/3512","targetHints":{"allow":["GET"]}}],"collection":[{"href":"https:\/\/ofornodecatuxa.es\/fr\/wp-json\/wp\/v2\/pages"}],"about":[{"href":"https:\/\/ofornodecatuxa.es\/fr\/wp-json\/wp\/v2\/types\/page"}],"author":[{"embeddable":true,"href":"https:\/\/ofornodecatuxa.es\/fr\/wp-json\/wp\/v2\/users\/1"}],"replies":[{"embeddable":true,"href":"https:\/\/ofornodecatuxa.es\/fr\/wp-json\/wp\/v2\/comments?post=3512"}],"version-history":[{"count":1,"href":"https:\/\/ofornodecatuxa.es\/fr\/wp-json\/wp\/v2\/pages\/3512\/revisions"}],"predecessor-version":[{"id":3515,"href":"https:\/\/ofornodecatuxa.es\/fr\/wp-json\/wp\/v2\/pages\/3512\/revisions\/3515"}],"wp:attachment":[{"href":"https:\/\/ofornodecatuxa.es\/fr\/wp-json\/wp\/v2\/media?parent=3512"}],"curies":[{"name":"wp","href":"https:\/\/api.w.org\/{rel}","templated":true}]}}